{"id":481,"date":"2022-04-11T21:55:54","date_gmt":"2022-04-11T21:55:54","guid":{"rendered":"https:\/\/dkmt.net\/?page_id=481"},"modified":"2023-04-05T17:19:27","modified_gmt":"2023-04-05T17:19:27","slug":"titkarsag","status":"publish","type":"page","link":"https:\/\/dkmt.net\/sr\/titkarsag\/","title":{"rendered":"\u0421\u0435\u043a\u0440\u0435\u0442\u0430\u0440\u0438\u0458\u0430\u0442"},"content":{"rendered":"<div data-elementor-type=\"wp-page\" data-elementor-id=\"481\" class=\"elementor elementor-481\">\n\t\t\t\t\t\t\t\t\t<section class=\"elementor-section elementor-top-section elementor-element elementor-element-54263c9 elementor-section-boxed elementor-section-height-default elementor-section-height-default\" data-id=\"54263c9\" data-element_type=\"section\" data-settings=\"{&quot;jet_parallax_layout_list&quot;:[]}\">\n\t\t\t\t\t\t<div class=\"elementor-container elementor-column-gap-default\">\n\t\t\t\t\t<div class=\"elementor-column elementor-col-100 elementor-top-column elementor-element elementor-element-248327d\" data-id=\"248327d\" data-element_type=\"column\">\n\t\t\t<div class=\"elementor-widget-wrap elementor-element-populated\">\n\t\t\t\t\t\t\t\t<div class=\"elementor-element elementor-element-ee3b5ff elementor-widget elementor-widget-text-editor\" data-id=\"ee3b5ff\" data-element_type=\"widget\" data-widget_type=\"text-editor.default\">\n\t\t\t\t<div class=\"elementor-widget-container\">\n\t\t\t<style>\/*! elementor - v3.12.1 - 02-04-2023 *\/\n.elementor-widget-text-editor.elementor-drop-cap-view-stacked .elementor-drop-cap{background-color:#69727d;color:#fff}.elementor-widget-text-editor.elementor-drop-cap-view-framed .elementor-drop-cap{color:#69727d;border:3px solid;background-color:transparent}.elementor-widget-text-editor:not(.elementor-drop-cap-view-default) .elementor-drop-cap{margin-top:8px}.elementor-widget-text-editor:not(.elementor-drop-cap-view-default) .elementor-drop-cap-letter{width:1em;height:1em}.elementor-widget-text-editor .elementor-drop-cap{float:left;text-align:center;line-height:1;font-size:50px}.elementor-widget-text-editor .elementor-drop-cap-letter{display:inline-block}<\/style>\t\t\t\t<h2><strong>\u0421\u0415\u041a\u0420\u0415\u0422\u0410\u0420\u0418\u0408\u0410\u0422 \u0414\u041a\u041c\u0422<\/strong><\/h2><p align=\"justify\">\u041e\u0434\u043b\u0443\u043a\u043e\u043c \u043f\u043e\u0441\u043b\u0435\u0434\u045a\u0435 \u0413\u0435\u043d\u0435\u0440\u0430\u043b\u043d\u0435 \u0441\u043a\u0443\u043f\u0448\u0442\u0438\u043d\u0435, \u0441\u0435\u0434\u0438\u0448\u0442\u0435 \u0441\u0435\u043a\u0440\u0435\u0442\u0430\u0440\u0438\u0458\u0430\u0442\u0430 \u0458\u0435 \u0430\u0434\u043c\u0438\u043d\u0438\u0441\u0442\u0440\u0430\u0442\u0438\u0432\u043d\u043e \u0441\u0435\u0434\u0438\u0448\u0442\u0435 \u043f\u0440\u0435\u0434\u0441\u0435\u0434\u043d\u0438\u043a\u0430<span style=\"color: #ffffff;\">\u00a0<\/span>\u0438\u043c\u0430\u045b\u0435 \u0441\u0432\u043e\u0458\u0435 \u0441\u0435\u0434\u0438\u0448\u0442\u0435. \u041f\u043e\u043a\u0440\u0438\u045b\u0435 \u043d\u0435\u043e\u043f\u0445\u043e\u0434\u043d\u043e \u0437\u0430 \u0444\u0443\u043d\u043a\u0446\u0438\u043e\u043d\u0438\u0441\u0430\u045a\u0435 \u0441\u0435\u043a\u0440\u0435\u0442\u0430\u0440\u0438\u0458\u0430\u0442\u0430 \u043e\u0431\u0435\u0437\u0431\u0435\u0452\u0443\u0458\u0443 \u043f\u0443\u043d\u043e\u043f\u0440\u0430\u0432\u043d\u0438 \u0447\u043b\u0430\u043d\u043e\u0432\u0438 \u0413\u0435\u043d\u0435\u0440\u0430\u043b\u043d\u0435 \u0441\u043a\u0443\u043f\u0448\u0442\u0438\u043d\u0435.<\/p><p align=\"justify\">\u0420\u0430\u0434\u043e\u043c \u0441\u0435\u043a\u0440\u0435\u0442\u0430\u0440\u0438\u0458\u0430\u0442\u0430 \u0440\u0443\u043a\u043e\u0432\u043e\u0434\u0438 \u043f\u0440\u0435\u0434\u0441\u0435\u0434\u043d\u0438\u043a. \u0421\u0435\u043a\u0440\u0435\u0442\u0430\u0440\u0438\u0458\u0430\u0442 \u0438\u043c\u0430 3 \u0434\u0435\u043b\u0435\u0433\u0438\u0440\u0430\u043d\u0430 \u0447\u043b\u0430\u043d\u0430, \u043e\u0434 \u043a\u043e\u0458\u0438\u0445 \u0458\u0435 1 \u041c\u0430\u0452\u0430\u0440, 1 \u0420\u0443\u043c\u0443\u043d \u0438 1 \u0412\u043e\u0458\u0432\u043e\u0452\u0430\u043d\u0441\u043a\u0438 \u0447\u043b\u0430\u043d. \u0428\u0435\u0444 \u0441\u0435\u043a\u0440\u0435\u0442\u0430\u0440\u0438\u0458\u0430\u0442\u0430 \u0458\u0435 \u0447\u043b\u0430\u043d \u0434\u0435\u043b\u0435\u0433\u0438\u0440\u0430\u043d \u0438\u0437 \u0437\u0435\u043c\u0459\u0435 \u043a\u043e\u0458\u0438 \u0432\u0440\u0448\u0438 \u0444\u0443\u043d\u043a\u0446\u0438\u0458\u0443 \u0443\u0437\u0430\u0441\u0442\u043e\u043f\u043d\u043e\u0433 \u043f\u0440\u0435\u0434\u0441\u0435\u0434\u043d\u0438\u043a\u0430. \u0428\u0435\u0444 \u0441\u0435\u043a\u0440\u0435\u0442\u0430\u0440\u0438\u0458\u0430\u0442\u0430 \u0441\u0435 \u043c\u0435\u045a\u0430 \u0443\u043f\u043e\u0440\u0435\u0434\u043e \u0441\u0430 \u0440\u043e\u0442\u0430\u0446\u0438\u0458\u043e\u043c \u043f\u0440\u0435\u0434\u0441\u0435\u0434\u043d\u0438\u043a\u0430.<\/p><p>\u0413\u043b\u0430\u0432\u043d\u0435 \u0434\u0443\u0436\u043d\u043e\u0441\u0442\u0438:<\/p><blockquote><p>\u00b7 \u043a\u043e\u043e\u0440\u0434\u0438\u043d\u0438\u0440\u0430 \u0441\u0430\u0441\u0442\u0430\u043d\u043a\u0435 \u0413\u0435\u043d\u0435\u0440\u0430\u043b\u043d\u0435 \u0441\u043a\u0443\u043f\u0448\u0442\u0438\u043d\u0435,<\/p><p>\u00b7 \u0434\u043e\u043f\u0440\u0438\u043d\u043e\u0441\u0438 \u0438\u0437\u0440\u0430\u0434\u0438 \u0440\u0430\u0434\u043d\u0438\u0445 \u0434\u043e\u043a\u0443\u043c\u0435\u043d\u0430\u0442\u0430,<\/p><p>\u00b7 \u043e\u0434\u0440\u0436\u0430\u0432\u0430 \u0441\u0442\u0430\u043b\u043d\u0438 \u043a\u043e\u043d\u0442\u0430\u043a\u0442 \u0441\u0430 \u0440\u0435\u0433\u0438\u043e\u043d\u0438\u043c\u0430 \u0447\u043b\u0430\u043d\u0438\u0446\u0430\u043c\u0430,<\/p><p>\u00b7 \u043e\u0431\u0435\u0437\u0431\u0435\u0452\u0443\u0458\u0435 \u043d\u0435\u043f\u0440\u0435\u043a\u0438\u0434\u0430\u043d \u043f\u0440\u043e\u0442\u043e\u043a \u0438\u043d\u0444\u043e\u0440\u043c\u0430\u0446\u0438\u0458\u0430,<\/p><p>\u00b7 \u0433\u0440\u0430\u0434\u0438 \u043e\u0434\u043d\u043e\u0441\u0435 \u0441\u0430 \u0434\u0440\u0443\u0433\u0438\u043c \u0440\u0435\u0433\u0438\u043e\u043d\u0430\u043b\u043d\u0438\u043c \u0441\u0430\u0440\u0430\u0434\u045a\u0430\u043c\u0430,<\/p><p>\u00b7 \u043f\u0440\u0430\u0442\u0438 \u0440\u0430\u0437\u043b\u0438\u0447\u0438\u0442\u0435 \u043f\u0440\u043e\u0433\u0440\u0430\u043c\u0435 \u0415\u0432\u0440\u043e\u043f\u0441\u043a\u0435 \u0443\u043d\u0438\u0458\u0435 \u0438 \u043d\u0430 \u043e\u0441\u043d\u043e\u0432\u0443 \u043e\u0434\u043b\u0443\u043a\u0435 \u0413\u0435\u043d\u0435\u0440\u0430\u043b\u043d\u0435 \u0441\u043a\u0443\u043f\u0448\u0442\u0438\u043d\u0435 \u043f\u0440\u0438\u043f\u0440\u0435\u043c\u0430 \u0442\u0435\u043d\u0434\u0435\u0440\u0435 \u0438 \u043e\u0440\u0433\u0430\u043d\u0438\u0437\u0443\u0458\u0435 \u0440\u0435\u0430\u043b\u0438\u0437\u0430\u0446\u0438\u0458\u0443 \u043f\u0440\u043e\u0458\u0435\u043a\u0430\u0442\u0430,<\/p><p>\u00b7 \u0438\u043d\u0438\u0446\u0438\u0440\u0430 \u0438 \u043f\u043e\u043c\u0430\u0436\u0435 \u043e\u0434\u0440\u0436\u0430\u0432\u0430\u045a\u0435 \u0437\u0430\u0458\u0435\u0434\u043d\u0438\u0447\u043a\u0438\u0445 \u0434\u043e\u0433\u0430\u0452\u0430\u0458\u0430 \u0438 \u043a\u0430\u043c\u043f\u0430\u045a\u0430,<\/p><p>\u00b7 \u043e\u0441\u0438\u0433\u0443\u0440\u0430\u0432\u0430 \u0434\u0430 \u0458\u0435 \u0432\u0435\u0431 \u0441\u0442\u0440\u0430\u043d\u0438\u0446\u0430 \u0414\u041a\u041c\u0422 \u0430\u0436\u0443\u0440\u043d\u0430.<\/p><\/blockquote><p>\u0412\u0430\u0448\u0438 \u0437\u0430\u043f\u043e\u0441\u043b\u0435\u043d\u0438:<\/p><blockquote><p>\u00b7 \u0411\u0435\u0430\u0442\u0430 \u0414\u043e\u043c\u043e\u043d\u043a\u043e\u0441: \u043f\u0440\u0435\u0434\u0441\u0442\u0430\u0432\u043d\u0438\u0446\u0430 \u0437\u0435\u043c\u0430\u0459\u0430 \u0447\u043b\u0430\u043d\u0438\u0446\u0430 \u0443 \u041c\u0430\u0452\u0430\u0440\u0441\u043a\u043e\u0458<\/p><p>\u00b7 \u0415\u0432\u0430 \u0424\u0435\u043d\u0438\u0432\u0435\u0441\u0438: \u043f\u0440\u0435\u0434\u0441\u0442\u0430\u0432\u043d\u0438\u0446\u0430 \u0437\u0435\u043c\u0430\u0459\u0430 \u0447\u043b\u0430\u043d\u0438\u0446\u0430 \u0443 \u0420\u0443\u043c\u0443\u043d\u0438\u0458\u0438<\/p><p>\u00b7 \u0420\u043e\u043b\u0430\u043d\u0434 \u041a\u043e\u043a\u0430\u0438: \u0420\u0435\u043f\u0440\u0435\u0437\u0435\u043d\u0442\u0430\u0442\u0438\u0432\u0430\u0446 \u0412\u043e\u0458\u0432\u043e\u0434\u0438\u043d\u0435<\/p><\/blockquote><p>\u043c\u0430\u0452\u0430\u0440\u0441\u043a\u0430 \u0430\u0434\u0440\u0435\u0441\u0430:<br \/>6722 \u0421\u0435\u0433\u0435\u0434\u0438\u043d, \u0422\u0430\u0431\u043e\u0440 \u0443. 7\/\u0411.<br \/>\u0422\u0435\u043b\u0435\u0444\u043e\u043d: +36-62\/543-165<br \/>\u0424\u0430\u043a\u0441: +36-62\/543-166<\/p><p>\u0440\u0443\u043c\u0443\u043d\u0441\u043a\u0430 \u0430\u0434\u0440\u0435\u0441\u0430:<br \/>300034 \u0422\u0438\u043c\u0438\u0441\u043e\u0430\u0440\u0430, \u0411\u0434. \u0420\u0435\u0432\u043e\u043b\u0443\u0442\u0438\u0435\u0438 \u0434\u0438\u043d 1989. \u043d\u0440. 17. \u0420\u0443\u043c\u0443\u043d\u0438\u0458\u0430<br \/>\u0422\u0435\u043b\u0435\u0444\u043e\u043d: +40-256\/493-674<br \/>\u0424\u0430\u043a\u0441: +40-256\/406-361<\/p><p>\u0412\u043e\u0458\u0432\u043e\u0434\u0438\u043d\u0430 \u0430\u0434\u0440\u0435\u0441\u0430:<br \/>21 000 \u041d\u043e\u0432\u0438 \u0421\u0430\u0434, \u0411\u0443\u043b. \u041c\u0438\u0445\u0430\u0458\u043b\u0430 \u041f\u0443\u043f\u0438\u043d\u0430 16. \u0421\u0440\u0431\u0438\u0458\u0430<br \/>\u0422\u0435\u043b\u0435\u0444\u043e\u043d: +381-21\/456-190<br \/>\u0424\u0430\u043a\u0441: +381-21\/456-190<\/p><p>\u0415-\u043c\u0430\u0438\u043b:\u00a0<a href=\"mailto:office@dkmt.net\">\u043e\u0444\u0444\u0438\u0446\u0435@\u0434\u043a\u043c\u0442.\u043d\u0435\u0442<\/a><\/p>\t\t\t\t\t\t<\/div>\n\t\t\t\t<\/div>\n\t\t\t\t\t<\/div>\n\t\t<\/div>\n\t\t\t\t\t\t\t<\/div>\n\t\t<\/section>\n\t\t\t\t\t\t\t<\/div>","protected":false},"excerpt":{"rendered":"<p>A DKMT TITK\u00c1RS\u00c1GA A legutols\u00f3 K\u00f6zgy\u0171l\u00e9s d\u00f6nt\u00e9se \u00e9rtelm\u00e9ben a titk\u00e1rs\u00e1g sz\u00e9khelye a soros eln\u00f6k adminisztr\u00e1ci\u00f3s\u00a0sz\u00e9khelye lesz. A titk\u00e1rs\u00e1g m\u0171k\u00f6d\u00e9s\u00e9hez sz\u00fcks\u00e9ges fedezetet a K\u00f6zgy\u0171l\u00e9s teljes jog\u00fa tagjai biztos\u00edtj\u00e1k. A titk\u00e1rs\u00e1g munk\u00e1j\u00e1t a soros eln\u00f6k ir\u00e1ny\u00edtja. A titk\u00e1rs\u00e1gnak 3 deleg\u00e1lt tagja van, melyek k\u00f6z\u00fcl 1 f\u0151 magyar, 1 f\u0151 rom\u00e1n, 1 f\u0151\u00a0vajdas\u00e1gi tag. A titk\u00e1rs\u00e1g vezet\u0151je a [&hellip;]<\/p>","protected":false},"author":3,"featured_media":0,"parent":0,"menu_order":0,"comment_status":"closed","ping_status":"closed","template":"","meta":{"inline_featured_image":false,"_links_to":"","_links_to_target":""},"_links":{"self":[{"href":"https:\/\/dkmt.net\/sr\/wp-json\/wp\/v2\/pages\/481"}],"collection":[{"href":"https:\/\/dkmt.net\/sr\/wp-json\/wp\/v2\/pages"}],"about":[{"href":"https:\/\/dkmt.net\/sr\/wp-json\/wp\/v2\/types\/page"}],"author":[{"embeddable":true,"href":"https:\/\/dkmt.net\/sr\/wp-json\/wp\/v2\/users\/3"}],"replies":[{"embeddable":true,"href":"https:\/\/dkmt.net\/sr\/wp-json\/wp\/v2\/comments?post=481"}],"version-history":[{"count":0,"href":"https:\/\/dkmt.net\/sr\/wp-json\/wp\/v2\/pages\/481\/revisions"}],"wp:attachment":[{"href":"https:\/\/dkmt.net\/sr\/wp-json\/wp\/v2\/media?parent=481"}],"curies":[{"name":"wp","href":"https:\/\/api.w.org\/{rel}","templated":true}]}}