{"id":478,"date":"2022-04-11T21:55:54","date_gmt":"2022-04-11T21:55:54","guid":{"rendered":"https:\/\/dkmt.net\/?page_id=478"},"modified":"2022-04-11T22:11:45","modified_gmt":"2022-04-11T22:11:45","slug":"adatok","status":"publish","type":"page","link":"https:\/\/dkmt.net\/sr\/adatok\/","title":{"rendered":"\u041f\u043e\u0434\u0430\u0446\u0438"},"content":{"rendered":"<div data-elementor-type=\"wp-page\" data-elementor-id=\"478\" class=\"elementor elementor-478\">\n\t\t\t\t\t\t\t\t\t<section class=\"elementor-section elementor-top-section elementor-element elementor-element-7d2d39f elementor-section-boxed elementor-section-height-default elementor-section-height-default\" data-id=\"7d2d39f\" data-element_type=\"section\" data-settings=\"{&quot;jet_parallax_layout_list&quot;:[]}\">\n\t\t\t\t\t\t<div class=\"elementor-container elementor-column-gap-default\">\n\t\t\t\t\t<div class=\"elementor-column elementor-col-100 elementor-top-column elementor-element elementor-element-6ab51da\" data-id=\"6ab51da\" data-element_type=\"column\">\n\t\t\t<div class=\"elementor-widget-wrap elementor-element-populated\">\n\t\t\t\t\t\t\t\t<div class=\"elementor-element elementor-element-85097d8 elementor-widget elementor-widget-text-editor\" data-id=\"85097d8\" data-element_type=\"widget\" data-widget_type=\"text-editor.default\">\n\t\t\t\t<div class=\"elementor-widget-container\">\n\t\t\t<style>\/*! elementor - v3.12.1 - 02-04-2023 *\/\n.elementor-widget-text-editor.elementor-drop-cap-view-stacked .elementor-drop-cap{background-color:#69727d;color:#fff}.elementor-widget-text-editor.elementor-drop-cap-view-framed .elementor-drop-cap{color:#69727d;border:3px solid;background-color:transparent}.elementor-widget-text-editor:not(.elementor-drop-cap-view-default) .elementor-drop-cap{margin-top:8px}.elementor-widget-text-editor:not(.elementor-drop-cap-view-default) .elementor-drop-cap-letter{width:1em;height:1em}.elementor-widget-text-editor .elementor-drop-cap{float:left;text-align:center;line-height:1;font-size:50px}.elementor-widget-text-editor .elementor-drop-cap-letter{display:inline-block}<\/style>\t\t\t\t<h2>\u041f\u041e\u0414\u0410\u0426\u0418 \u0416\u0423\u041f\u0410\u041d\u0418\u0408\u0415 \u041a\u041e\u0408\u0410 \u0427\u0418\u041d\u0418 \u0414\u041a\u041c\u0422 \u0415\u0423\u0420\u041e\u0420\u0415\u0413\u0418\u041e\u041d<\/h2><p>\u041e\u043a\u0440\u0443\u0433 \u0410\u0440\u0430\u0434 (\u0420\u0443\u043c\u0443\u043d\u0438\u0458\u0430):<br \/>\u041f\u043e\u0432\u0440\u0448\u0438\u043d\u0430: 7652 \u043a\u043c2<br \/>\u0421\u0442\u0430\u043d\u043e\u0432\u043d\u0438\u0448\u0442\u0432\u043e: 458.000 \u0459\u0443\u0434\u0438<br \/>\u0412\u0438\u0448\u0435 \u043e\u0434 \u0448\u0435\u0437\u0434\u0435\u0441\u0435\u0442 \u043f\u043e\u0441\u0442\u043e \u045a\u0435\u043d\u0435 \u043d\u0430\u043f\u0440\u0435\u0434\u043d\u0435 \u043f\u043e\u0459\u043e\u043f\u0440\u0438\u0432\u0440\u0435\u0434\u0435 \u043a\u0430\u0440\u0430\u043a\u0442\u0435\u0440\u0438\u0448\u0435 \u0441\u0442\u043e\u0447\u0430\u0440\u0441\u0442\u0432\u043e. \u0417\u0430 \u043e\u0432\u043e \u0458\u0435 \u0432\u0435\u0437\u0430\u043d\u0430 \u0438 \u0440\u0435\u043b\u0430\u0442\u0438\u0432\u043d\u043e \u0440\u0430\u0437\u0432\u0438\u0458\u0435\u043d\u0430 \u043f\u0440\u0435\u0445\u0440\u0430\u043c\u0431\u0435\u043d\u0430 \u0438\u043d\u0434\u0443\u0441\u0442\u0440\u0438\u0458\u0430. \u040a\u0435\u043d\u0435 \u043d\u0430\u0458\u0432\u0430\u0436\u043d\u0438\u0458\u0435 \u0438\u043d\u0434\u0443\u0441\u0442\u0440\u0438\u0458\u0435 \u0441\u0443 \u043f\u0440\u043e\u0438\u0437\u0432\u043e\u0434\u045a\u0430 \u043c\u0430\u0448\u0438\u043d\u0430 \u0438 \u043f\u0440\u0435\u0440\u0430\u0434\u0430 \u043c\u0435\u0442\u0430\u043b\u0430, \u0442\u0435\u043a\u0441\u0442\u0438\u043b\u043d\u0430 \u0438 \u0445\u0435\u043c\u0438\u0458\u0441\u043a\u0430 \u0438\u043d\u0434\u0443\u0441\u0442\u0440\u0438\u0458\u0430.<\/p><p>\u0416\u0443\u043f\u0430\u043d\u0438\u0458\u0430 \u0411\u0430\u0447-\u041a\u0438\u0448\u043a\u0443\u043d (\u041c\u0430\u0452\u0430\u0440\u0441\u043a\u0430):<br \/>\u041f\u043e\u0432\u0440\u0448\u0438\u043d\u0430: 8362 \u043a\u043c2<br \/>\u0421\u0442\u0430\u043d\u043e\u0432\u043d\u0438\u0448\u0442\u0432\u043e: 536 \u0445\u0438\u0459\u0430\u0434\u0430 \u0459\u0443\u0434\u0438<br \/>\u0416\u0443\u043f\u0430\u043d\u0438\u0458\u0430, \u043a\u043e\u0458\u0430 \u0458\u0435 \u043f\u043e\u0441\u0442\u0430\u043b\u0430 \u043f\u043e\u0437\u043d\u0430\u0442\u0430 \u043f\u0440\u0435 \u0441\u0432\u0435\u0433\u0430 \u043f\u043e \u043f\u043e\u0459\u043e\u043f\u0440\u0438\u0432\u0440\u0435\u0434\u0438, \u0432\u0438\u043d\u043e\u0433\u0440\u0430\u0434\u0430\u0440\u0441\u0442\u0432\u0443, \u0432\u043e\u045b\u0430\u0440\u0441\u0442\u0432\u0443 \u0438 \u043f\u043e\u0432\u0440\u0442\u0430\u0440\u0441\u0442\u0432\u0443, \u043f\u043e\u0441\u043b\u0435\u0434\u045a\u0438\u0445 \u0434\u0435\u0446\u0435\u043d\u0438\u0458\u0430 \u0441\u0435 \u0440\u0430\u0437\u0432\u0438\u043b\u0430 \u0443 \u0442\u0440\u0433\u043e\u0432\u0430\u0447\u043a\u0438 \u0446\u0435\u043d\u0442\u0430\u0440 \u0434\u0443\u043d\u0430\u0432\u0441\u043a\u043e-\u0442\u0438\u0441\u043a\u043e\u0433 \u0440\u0435\u0433\u0438\u043e\u043d\u0430.<\/p><p>\u0416\u0443\u043f\u0430\u043d\u0438\u0458\u0430 \u0427\u043e\u043d\u0433\u0440\u0430\u0434 (\u041c\u0430\u0452\u0430\u0440\u0441\u043a\u0430):<br \/>\u041f\u043e\u0432\u0440\u0448\u0438\u043d\u0430: 4263 \u043a\u043c2<br \/>\u0421\u0442\u0430\u043d\u043e\u0432\u043d\u0438\u0448\u0442\u0432\u043e: 424 \u0445\u0438\u0459\u0430\u0434\u0435 \u0459\u0443\u0434\u0438<br \/>\u0422\u043e \u0458\u0435 \u0446\u0435\u043d\u0442\u0430\u0440 \u0440\u0435\u0433\u0438\u043e\u043d\u0430 \u0408\u0443\u0436\u043d\u0435 \u0412\u0435\u043b\u0438\u043a\u0435 \u0440\u0430\u0432\u043d\u0438\u0446\u0435. \u0423 \u0421\u0435\u0433\u0435\u0434\u0438\u043d\u0443 \u0458\u0435 \u0441\u0442\u0432\u043e\u0440\u0435\u043d\u0430 \u043d\u0430\u043f\u0440\u0435\u0434\u043d\u0430 \u043f\u0440\u0435\u0445\u0440\u0430\u043c\u0431\u0435\u043d\u0430 \u0438\u043d\u0434\u0443\u0441\u0442\u0440\u0438\u0458\u0430 \u0437\u0430 \u043f\u043e\u0459\u043e\u043f\u0440\u0438\u0432\u0440\u0435\u0434\u043d\u0443 \u043f\u0440\u043e\u0438\u0437\u0432\u043e\u0434\u045a\u0443 \u0443 \u0442\u043e\u043c \u043a\u0440\u0430\u0458\u0443. \u041f\u043e\u0440\u0435\u0434 \u0441\u0432\u0435\u0442\u0441\u043a\u0438 \u043f\u043e\u0437\u043d\u0430\u0442\u0435 \u043f\u0440\u043e\u0438\u0437\u0432\u043e\u0434\u045a\u0435 \u0441\u0430\u043b\u0430\u043c\u0435, \u043f\u043e\u0437\u043d\u0430\u0442\u0430 \u0458\u0435 \u0438 \u043f\u043e \u043f\u0440\u043e\u0438\u0437\u0432\u043e\u0434\u045a\u0438 \u0438 \u043f\u0440\u0435\u0440\u0430\u0434\u0438 \u043f\u0430\u043f\u0440\u0438\u043a\u0435. \u0423 \u0440\u0435\u0433\u0438\u043e\u043d\u0443, \u043f\u0440\u0438\u043c\u0430\u0440\u043d\u0430 \u043f\u0440\u043e\u0438\u0437\u0432\u043e\u0434\u045a\u0430 \u043f\u043e\u0432\u0440\u045b\u0430 \u0438 \u043d\u0430\u043f\u0440\u0435\u0434\u043d\u0430 \u043f\u0440\u0435\u0440\u0430\u0434\u0430 \u0436\u0438\u0432\u0438\u043d\u0435 \u043e\u0434\u0432\u0438\u0458\u0430 \u0441\u0435 \u0443 \u0421\u0435\u043d\u0442\u0435\u0437\u0435\u043d\u0443, \u043f\u0440\u043e\u0438\u0437\u0432\u043e\u0434\u045a\u0430 \u043b\u0443\u043a\u0430 \u0443 \u041c\u0430\u043a\u043e\u043d\u0443, \u0430 \u043f\u0440\u043e\u0438\u0437\u0432\u043e\u0434\u045a\u0430 \u043f\u043e\u0440\u0446\u0435\u043b\u0430\u043d\u0430 \u0438 \u0432\u0430\u0433\u0430 \u0443 \u0425\u043e\u0434\u043c\u0435\u0437\u043e\u0432\u0430\u0441\u0430\u0440\u0445\u0435\u043b\u0438\u0458\u0443.<\/p><p>\u041e\u043a\u0440\u0443\u0433 \u041a\u0440\u0430\u0441\u043e-\u0421\u043e\u0440\u0435\u045a\u0438 (\u0420\u0443\u043c\u0443\u043d\u0438\u0458\u0430):<br \/>\u041f\u043e\u0432\u0440\u0448\u0438\u043d\u0430: 8514 \u043a\u043c2<br \/>\u0421\u0442\u0430\u043d\u043e\u0432\u043d\u0438\u0448\u0442\u0432\u043e: 331 \u0445\u0438\u0459\u0430\u0434\u0430 \u0459\u0443\u0434\u0438<br \/>\u0422\u043e \u0458\u0435 \u0458\u0435\u0434\u0430\u043d \u043e\u0434 \u043d\u0430\u0458\u0448\u0443\u043c\u043e\u0432\u0438\u0442\u0438\u0458\u0438\u0445 \u043e\u043a\u0440\u0443\u0433\u0430 \u0443 \u0420\u0443\u043c\u0443\u043d\u0438\u0458\u0438, \u043a\u043e\u0458\u0438 \u0441\u0435 \u043d\u0430\u043b\u0430\u0437\u0438 \u0443 \u0458\u0443\u0433\u043e\u0437\u0430\u043f\u0430\u0434\u043d\u043e\u043c \u0434\u0435\u043b\u0443 \u0437\u0435\u043c\u0459\u0435. 65,4 \u043f\u043e\u0441\u0442\u043e \u043e\u043a\u0440\u0443\u0433\u0430 \u0447\u0438\u043d\u0435 \u043f\u043b\u0430\u043d\u0438\u043d\u0441\u043a\u0430 \u043f\u043e\u0434\u0440\u0443\u0447\u0458\u0430. \u041f\u043e\u0440\u0435\u0434 \u0442\u0440\u0430\u0434\u0438\u0446\u0438\u043e\u043d\u0430\u043b\u043d\u043e\u0433 \u043f\u043e\u0459\u043e\u043f\u0440\u0438\u0432\u0440\u0435\u0434\u043d\u043e\u0433 \u0438 \u0442\u0435\u0445\u043d\u043e\u043b\u043e\u0448\u043a\u043e\u0433 \u0440\u0430\u0437\u0432\u043e\u0458\u0430, \u0458\u0435\u0434\u0430\u043d \u0458\u0435 \u043e\u0434 \u043d\u0430\u0458\u0441\u0442\u0430\u0440\u0438\u0458\u0438\u0445 \u0446\u0435\u043d\u0442\u0430\u0440\u0430 \u0438\u043d\u0434\u0443\u0441\u0442\u0440\u0438\u0458\u0435 \u0433\u0432\u043e\u0436\u0452\u0430 \u0438 \u0447\u0435\u043b\u0438\u043a\u0430 \u0443 \u0420\u0443\u043c\u0443\u043d\u0438\u0458\u0438. \u0417\u043d\u0430\u0447\u0430\u0458\u0430\u043d \u0431\u0440\u043e\u0458 \u0442\u0435\u0440\u043c\u0430\u043b\u043d\u0438\u0445 \u0438\u0437\u0432\u043e\u0440\u0430 \u043e\u043c\u043e\u0433\u0443\u045b\u0438\u043e \u0458\u0435 \u0440\u0430\u0437\u0432\u043e\u0458 \u043d\u0430\u043f\u0440\u0435\u0434\u043d\u0435 \u043c\u0435\u0434\u0438\u0446\u0438\u043d\u0435.<\/p><p>\u041e\u043a\u0440\u0443\u0433 \u0422\u0435\u043c\u0435\u0441 (\u0420\u0443\u043c\u0443\u043d\u0438\u0458\u0430):<br \/>\u041f\u043e\u0432\u0440\u0448\u0438\u043d\u0430: 8692 \u043a\u043c2<br \/>\u0421\u0442\u0430\u043d\u043e\u0432\u043d\u0438\u0448\u0442\u0432\u043e: 661 \u0445\u0438\u0459\u0430\u0434\u0430 \u0459\u0443\u0434\u0438<br \/>\u040a\u0435\u043d\u0430 \u043f\u043e\u0459\u043e\u043f\u0440\u0438\u0432\u0440\u0435\u0434\u0430 \u0458\u0435 \u0438\u0437\u0432\u0430\u043d\u0440\u0435\u0434\u043d\u0430, \u043f\u043e\u0440\u0435\u0434 \u0440\u0430\u0442\u0430\u0440\u0441\u0442\u0432\u0430, \u043e\u0434\u043b\u0438\u043a\u0443\u0458\u0435 \u0441\u0435 \u043d\u0430\u043f\u0440\u0435\u0434\u043d\u0438\u043c \u0441\u0442\u043e\u0447\u0430\u0440\u0441\u0442\u0432\u043e\u043c. \u0412\u0435\u045b\u0438\u043d\u0430 \u0441\u0435\u043a\u0442\u043e\u0440\u0430 \u0442\u0440\u0430\u0434\u0438\u0446\u0438\u043e\u043d\u0430\u043b\u043d\u0435 \u043f\u0440\u0435\u0445\u0440\u0430\u043c\u0431\u0435\u043d\u0435 \u0438\u043d\u0434\u0443\u0441\u0442\u0440\u0438\u0458\u0435 \u043f\u0440\u0435\u0440\u0430\u0452\u0443\u0458\u0435 \u043b\u043e\u043a\u0430\u043b\u043d\u043e \u043f\u0440\u043e\u0438\u0437\u0432\u0435\u0434\u0435\u043d\u0435 \u0441\u0438\u0440\u043e\u0432\u0438\u043d\u0435.<\/p><p>\u0410\u0443\u0442\u043e\u043d\u043e\u043c\u043d\u0430 \u043e\u0431\u043b\u0430\u0441\u0442 \u0412\u043e\u0458\u0432\u043e\u0434\u0438\u043d\u0430 (\u0420\u0435\u043f\u0443\u0431\u043b\u0438\u043a\u0430 \u0421\u0440\u0431\u0438\u0458\u0430):<br \/>\u041f\u043e\u0432\u0440\u0448\u0438\u043d\u0430: 21506 \u043a\u043c2<br \/>\u0421\u0442\u0430\u043d\u043e\u0432\u043d\u0438\u0448\u0442\u0432\u043e: 2 \u043c\u0438\u043b\u0438\u043e\u043d\u0430 032 \u0445\u0438\u0459\u0430\u0434\u0435 \u0459\u0443\u0434\u0438<br \/>\u040a\u0435\u043d\u043e \u0441\u0442\u0430\u043d\u043e\u0432\u043d\u0438\u0448\u0442\u0432\u043e, \u043a\u043e\u0458\u0435 \u0441\u0435 \u043f\u0440\u0432\u0435\u043d\u0441\u0442\u0432\u0435\u043d\u043e \u0431\u0430\u0432\u0438 \u043f\u043e\u0459\u043e\u043f\u0440\u0438\u0432\u0440\u0435\u0434\u043d\u043e\u043c \u043f\u0440\u043e\u0438\u0437\u0432\u043e\u0434\u045a\u043e\u043c, \u043f\u0440\u043e\u0438\u0437\u0432\u043e\u0434\u0438 \u043f\u0448\u0435\u043d\u0438\u0446\u0443, \u043a\u0443\u043a\u0443\u0440\u0443\u0437, \u0448\u0435\u045b\u0435\u0440\u043d\u0443 \u0440\u0435\u043f\u0443, \u0440\u0435\u043f\u0438\u0446\u0443, \u0441\u0443\u043d\u0446\u043e\u043a\u0440\u0435\u0442, \u043a\u043e\u043d\u043e\u043f\u0459\u0443 \u0438 \u0445\u043c\u0435\u0459. \u0420\u0430\u0437\u0432\u0438\u0458\u0435\u043d\u0430 \u043f\u043e\u0459\u043e\u043f\u0440\u0438\u0432\u0440\u0435\u0434\u043d\u0430 \u0440\u0435\u0433\u0438\u0458\u0430 \u043f\u0440\u0438\u0432\u0443\u043a\u043b\u0430 \u0458\u0435 \u0437\u043d\u0430\u0447\u0430\u0458\u043d\u0443 \u043f\u0440\u0435\u0445\u0440\u0430\u043c\u0431\u0435\u043d\u0443 \u0438\u043d\u0434\u0443\u0441\u0442\u0440\u0438\u0458\u0443.<\/p>\t\t\t\t\t\t<\/div>\n\t\t\t\t<\/div>\n\t\t\t\t\t<\/div>\n\t\t<\/div>\n\t\t\t\t\t\t\t<\/div>\n\t\t<\/section>\n\t\t\t\t\t\t\t<\/div>","protected":false},"excerpt":{"rendered":"<p>A DKMT EUROR\u00c9GI\u00d3T ALKOT\u00d3 MEGY\u00c9K ADATAI Arad megye (Rom\u00e1nia):Ter\u00fclete: 7652 km2Lakoss\u00e1ga: 458 ezer f\u0151Fejlett mez\u0151gazdas\u00e1g\u00e1t t\u00f6bb mint hatvan sz\u00e1zal\u00e9kban \u00e1llatteny\u00e9szt\u00e9s jellemzi. Ehhez viszonylag fejlett \u00e9lelmiszeripar is kapcsol\u00f3dik. Fontosabb ipar\u00e1gai a g\u00e9pgy\u00e1rt\u00e1s \u00e9s f\u00e9mfeldolgoz\u00e1s, a textil- \u00e9s a vegyipar. B\u00e1cs-Kiskun megye (Magyarorsz\u00e1g):Ter\u00fclete: 8362 km2Lakoss\u00e1ga: 536 ezer f\u0151Az els\u0151sorban mez\u0151gazdas\u00e1g\u00e1r\u00f3l, sz\u0151l\u0151-, gy\u00fcm\u00f6lcs- \u00e9s z\u00f6lds\u00e9gkult\u00far\u00e1j\u00e1r\u00f3l ismertt\u00e9 v\u00e1lt megye [&hellip;]<\/p>","protected":false},"author":3,"featured_media":0,"parent":0,"menu_order":0,"comment_status":"closed","ping_status":"closed","template":"","meta":{"inline_featured_image":false,"_links_to":"","_links_to_target":""},"_links":{"self":[{"href":"https:\/\/dkmt.net\/sr\/wp-json\/wp\/v2\/pages\/478"}],"collection":[{"href":"https:\/\/dkmt.net\/sr\/wp-json\/wp\/v2\/pages"}],"about":[{"href":"https:\/\/dkmt.net\/sr\/wp-json\/wp\/v2\/types\/page"}],"author":[{"embeddable":true,"href":"https:\/\/dkmt.net\/sr\/wp-json\/wp\/v2\/users\/3"}],"replies":[{"embeddable":true,"href":"https:\/\/dkmt.net\/sr\/wp-json\/wp\/v2\/comments?post=478"}],"version-history":[{"count":0,"href":"https:\/\/dkmt.net\/sr\/wp-json\/wp\/v2\/pages\/478\/revisions"}],"wp:attachment":[{"href":"https:\/\/dkmt.net\/sr\/wp-json\/wp\/v2\/media?parent=478"}],"curies":[{"name":"wp","href":"https:\/\/api.w.org\/{rel}","templated":true}]}}