{"id":475,"date":"2022-04-11T21:55:54","date_gmt":"2022-04-11T21:55:54","guid":{"rendered":"https:\/\/dkmt.net\/?page_id=475"},"modified":"2023-04-05T17:16:33","modified_gmt":"2023-04-05T17:16:33","slug":"rolunk","status":"publish","type":"page","link":"https:\/\/dkmt.net\/sr\/rolunk\/","title":{"rendered":"\u041e \u043d\u0430\u043c\u0430"},"content":{"rendered":"<div data-elementor-type=\"wp-page\" data-elementor-id=\"475\" class=\"elementor elementor-475\">\n\t\t\t\t\t\t\t\t\t<section class=\"elementor-section elementor-top-section elementor-element elementor-element-1cb8fde elementor-section-boxed elementor-section-height-default elementor-section-height-default\" data-id=\"1cb8fde\" data-element_type=\"section\" data-settings=\"{&quot;jet_parallax_layout_list&quot;:[]}\">\n\t\t\t\t\t\t<div class=\"elementor-container elementor-column-gap-default\">\n\t\t\t\t\t<div class=\"elementor-column elementor-col-100 elementor-top-column elementor-element elementor-element-5a02045\" data-id=\"5a02045\" data-element_type=\"column\">\n\t\t\t<div class=\"elementor-widget-wrap elementor-element-populated\">\n\t\t\t\t\t\t\t\t<div class=\"elementor-element elementor-element-ac25be3 elementor-widget elementor-widget-text-editor\" data-id=\"ac25be3\" data-element_type=\"widget\" data-widget_type=\"text-editor.default\">\n\t\t\t\t<div class=\"elementor-widget-container\">\n\t\t\t<style>\/*! elementor - v3.12.1 - 02-04-2023 *\/\n.elementor-widget-text-editor.elementor-drop-cap-view-stacked .elementor-drop-cap{background-color:#69727d;color:#fff}.elementor-widget-text-editor.elementor-drop-cap-view-framed .elementor-drop-cap{color:#69727d;border:3px solid;background-color:transparent}.elementor-widget-text-editor:not(.elementor-drop-cap-view-default) .elementor-drop-cap{margin-top:8px}.elementor-widget-text-editor:not(.elementor-drop-cap-view-default) .elementor-drop-cap-letter{width:1em;height:1em}.elementor-widget-text-editor .elementor-drop-cap{float:left;text-align:center;line-height:1;font-size:50px}.elementor-widget-text-editor .elementor-drop-cap-letter{display:inline-block}<\/style>\t\t\t\t<h1><strong>\u0420\u0435\u0433\u0438\u043e\u043d\u0430\u043b\u043d\u0430 \u0441\u0430\u0440\u0430\u0434\u045a\u0430 \u0414\u0443\u043d\u0430\u0432-\u041a\u0440\u0438\u0448-\u041c\u043e\u0440\u0438\u0448-\u0422\u0438\u0441\u0430<\/strong><\/h1><p>\u041e\u0440\u0433\u0430\u043d\u0438\u0437\u0430\u0446\u0438\u0458\u0430 \u0458\u0435 \u043e\u0441\u043d\u043e\u0432\u0430\u043d\u0430 21. \u043d\u043e\u0432\u0435\u043c\u0431\u0440\u0430 1997. \u0433\u043e\u0434\u0438\u043d\u0435 \u0443 \u0421\u0435\u0433\u0435\u0434\u0438\u043d\u0443. \u0423\u043e\u0431\u0438\u0447\u0430\u0458\u0435\u043d\u0438 \u043d\u0430\u0437\u0438\u0432: \u0414\u041a\u041c\u0422 \u0415\u0432\u0440\u043e\u0440\u0435\u0433\u0438\u043e\u043d<\/p><p>\u0427\u043b\u0430\u043d\u043e\u0432\u0438: \u0416\u0443\u043f\u0430\u043d\u0438\u0458\u0435 \u0411\u0430\u0447-\u041a\u0438\u0448\u043a\u0443\u043d \u0438 \u0427\u043e\u043d\u0433\u0440\u0430\u0434-\u0427\u0430\u043d\u0430\u0434 (\u041c\u0430\u0452\u0430\u0440\u0441\u043a\u0430)<\/p><p>\u0416\u0443\u043f\u0430\u043d\u0438\u0458\u0435 \u0410\u0440\u0430\u0434, \u041a\u0430\u0440\u0430\u0448-\u0421\u0435\u0432\u0435\u0440\u0438\u043d \u0438 \u0422\u0438\u043c\u0438\u0448 (\u0420\u0443\u043c\u0443\u043d\u0438\u0458\u0430)<\/p><p>\u0410\u0443\u0442\u043e\u043d\u043e\u043c\u043d\u0430 \u041f\u043e\u043a\u0440\u0430\u0458\u0438\u043d\u0430 \u0412\u043e\u0458\u0432\u043e\u0434\u0438\u043d\u0430 (\u0421\u0440\u0431\u0438\u0458\u0430)<\/p><p>\u0421\u0442\u0430\u043d\u043e\u0432\u043d\u0438\u0448\u0442\u0432\u043e: 4 \u043c\u0438\u043b\u0438\u043e\u043d\u0430<\/p><p>\u0426\u0438\u0459 \u0441\u0430\u0440\u0430\u0434\u045a\u0435 \u0458\u0435, \u043f\u0440\u0435\u043c\u0430 \u043d\u0430\u043c\u0435\u0440\u0430\u043c\u0430 \u043e\u0441\u043d\u0438\u0432\u0430\u0447\u0430, \u0440\u0430\u0437\u0432\u0438\u0458\u0430\u045a\u0435 \u0438 \u0448\u0438\u0440\u0435\u045a\u0435 \u043e\u0434\u043d\u043e\u0441\u0430 \u0438\u0437\u043c\u0435\u0452\u0443 \u043c\u0435\u0441\u043d\u0438\u0445 \u0437\u0430\u0458\u0435\u0434\u043d\u0438\u0446\u0430 \u0438 \u043e\u0440\u0433\u0430\u043d\u0430 \u043b\u043e\u043a\u0430\u043b\u043d\u0435 \u0441\u0430\u043c\u043e\u0443\u043f\u0440\u0430\u0432\u0435 \u0443 \u0435\u043a\u043e\u043d\u043e\u043c\u0441\u043a\u043e\u043c, \u043e\u0431\u0440\u0430\u0437\u043e\u0432\u043d\u043e\u043c, \u043a\u0443\u043b\u0442\u0443\u0440\u043d\u043e\u043c, \u043d\u0430\u0443\u0447\u043d\u043e\u043c \u0438 \u0441\u043f\u043e\u0440\u0442\u0441\u043a\u043e\u043c \u043f\u043e\u0433\u043b\u0435\u0434\u0443 \u0438 \u043f\u043e\u0434\u0440\u0448\u043a\u0430 \u0443\u043a\u0459\u0443\u0447\u0438\u0432\u0430\u045a\u0443 \u0440\u0435\u0433\u0438\u043e\u043d\u0430 \u0443 \u043f\u0440\u043e\u0446\u0435\u0441\u0438 \u0435\u0432\u0440\u043e\u043f\u0441\u043a\u0438\u0445 \u0438\u043d\u0442\u0435\u0433\u0440\u0430\u0446\u0438\u0458\u0430.<\/p><p>\u041d\u0430\u0458\u0432\u0438\u0448\u0438 \u043e\u0440\u0433\u0430\u043d \u043e\u0434\u043b\u0443\u0447\u0438\u0432\u0430\u045a\u0430 \u0420\u0435\u0433\u0438\u043e\u043d\u0430\u043b\u043d\u0435 \u0441\u0430\u0440\u0430\u0434\u045a\u0435 \u0414\u041a\u041c\u0422 \u0458\u0435 \u0421\u043a\u0443\u043f\u0448\u0442\u0438\u043d\u0430. \u0421\u043a\u0443\u043f\u0448\u0442\u0438\u043d\u0443 \u0447\u0438\u043d\u0435 \u0440\u0443\u043a\u043e\u0432\u043e\u0434\u0438\u043e\u0446\u0438 \u0438\u043d\u0441\u0442\u0438\u0442\u0443\u0446\u0438\u0458\u0430 \u0440\u0435\u0433\u0438\u043e\u043d\u0430\u043b\u043d\u0435 \u0443\u043f\u0440\u0430\u0432\u0435, \u0430 \u043e\u043d\u0430 \u0458\u0435 \u043e\u0440\u0433\u0430\u043d \u0437\u0430 \u043f\u0440\u0438\u043f\u0440\u0435\u043c\u0443, \u043a\u043e\u043e\u0440\u0434\u0438\u043d\u0430\u0446\u0438\u0458\u0443 \u0438 \u0441\u0442\u0440\u0430\u0442\u0435\u0448\u043a\u043e \u043e\u0434\u043b\u0443\u0447\u0438\u0432\u0430\u045a\u0435 \u043e \u0441\u0430\u0440\u0430\u0434\u045a\u0438. \u0423 \u045a\u0435\u043d\u043e\u043c \u0440\u0430\u0434\u0443 \u0443\u0447\u0435\u0441\u0442\u0432\u0443\u0458\u0443 \u043f\u0443\u043d\u043e\u043f\u0440\u0430\u0432\u043d\u0438 \u0447\u043b\u0430\u043d\u043e\u0432\u0438 \u0441\u043a\u0443\u043f\u0448\u0442\u0438\u043d\u0435 (\u043e\u0441\u043d\u0438\u0432\u0430\u0447\u0438 \u0438 \u043f\u0440\u0438\u0434\u0440\u0443\u0436\u0435\u043d\u0438 \u0447\u043b\u0430\u043d\u043e\u0432\u0438), \u043a\u0430\u043e \u0438 \u043e\u0441\u0442\u0430\u043b\u0438 \u0443\u0447\u0435\u0441\u043d\u0438\u0446\u0438 (\u043f\u043e\u0437\u0432\u0430\u043d\u0430 \u043b\u0438\u0446\u0430, \u043e\u0434\u043d\u043e\u0441\u043d\u043e \u0441\u0442\u0430\u043b\u043d\u0438 \u0438 \u043f\u043e\u0432\u0440\u0435\u043c\u0435\u043d\u0438 \u0433\u043e\u0441\u0442\u0438). \u0421\u0432\u0430\u043a\u0435 \u0433\u043e\u0434\u0438\u043d\u0435 \u043f\u043e\u0441\u043b\u0435\u0434\u045a\u0435\u0433 \u0432\u0438\u043a\u0435\u043d\u0434\u0430 \u0443 \u043c\u0430\u0458\u0443, \u043d\u0430 \u043c\u0430\u0452\u0430\u0440\u0441\u043a\u043e-\u0440\u0443\u043c\u0443\u043d\u0441\u043a\u043e-\u0441\u0440\u043f\u0441\u043a\u043e\u0458 \u0442\u0440\u043e\u043c\u0435\u0452\u0438 \u043a\u043e\u0434 \u0441\u043f\u043e\u043c\u0435\u043d\u0438\u043a\u0430 \u043f\u043e\u0434 \u043d\u0430\u0437\u0438\u0432\u043e\u043c \u201e\u0422\u0440\u0438\u043f\u043b\u0435\u043ac K\u043e\u043d\u0444\u0438\u043d\u0438\u0443\u043c\u201d \u043e\u0440\u0433\u0430\u043d\u0438\u0437\u0443\u0458\u0435 \u0441\u0435 \u0414\u0430\u043d \u0435\u0432\u0440\u043e\u0440\u0435\u0433\u0438\u0458\u0435 \u0414\u041a\u041c\u0422. \u0422\u0430\u0434\u0430 \u0441\u0435 \u043f\u0440\u0438\u0432\u0440\u0435\u043c\u0435\u043d\u043e \u043e\u0442\u0432\u0430\u0440\u0430\u0458\u0443 \u0433\u0440\u0430\u043d\u0438\u0446\u0435 \u0438 \u043e\u0431\u0438\u0447\u043d\u043e \u0441\u0435 \u043e\u0434\u0440\u0436\u0430\u0432\u0430 \u0441\u0435\u0434\u043d\u0438\u0446\u0430 \u0421\u043a\u0443\u043f\u0448\u0442\u0438\u043d\u0435.<\/p><p>\u041f\u0440\u0435\u0434\u0441\u0435\u0434\u0430\u0432\u0430\u0458\u0443\u045b\u0435\u0433 \u0431\u0438\u0440\u0430 \u0421\u043a\u0443\u043f\u0448\u0442\u0438\u043d\u0430 \u043d\u0430 \u043f\u0435\u0440\u0438\u043e\u0434 \u043e\u0434 \u0433\u043e\u0434\u0438\u043d\u0443 \u0434\u0430\u043d\u0430 \u0438\u0437 \u0440\u0435\u0434\u0430 \u043f\u0440\u0435\u0434\u0441\u0435\u0434\u043d\u0438\u043a\u0430 \u0434\u0440\u0436\u0430\u0432\u0430 \u0447\u043b\u0430\u043d\u0438\u0446\u0430. \u041f\u0440\u0435\u0434\u0441\u0435\u0434\u0430\u0432\u0430\u0458\u0443\u045b\u0438 \u043d\u0435 \u043c\u043e\u0436\u0435 \u0431\u0438\u0442\u0438 \u0431\u0438\u0440\u0430\u043d \u0434\u0432\u0430 \u043f\u0443\u0442\u0430 \u0443\u0437\u0430\u0441\u0442\u043e\u043f\u043d\u043e, \u0430 \u043f\u0440\u0438\u043b\u0438\u043a\u043e\u043c \u0438\u0437\u0431\u043e\u0440\u0430 \u043c\u043e\u0440\u0430 \u0441\u0435 \u043f\u043e\u0448\u0442\u043e\u0432\u0430\u0442\u0438 \u043f\u0440\u0430\u0432\u0438\u043b\u043e \u0440\u043e\u0442\u0430\u0446\u0438\u0458\u0435 \u0437\u0435\u043c\u0430\u0459\u0430. \u0423 \u043f\u0435\u0440\u0438\u043e\u0434\u0443 \u0438\u0437\u043c\u0435\u0452\u0443 \u0434\u0432\u0435 \u0441\u0435\u0434\u043d\u0438\u0446\u0435 \u0421\u043a\u0443\u043f\u0448\u0442\u0438\u043d\u0435, \u043f\u0440\u0435\u0434\u0441\u0435\u0434\u0430\u0432\u0430\u0458\u0443\u045b\u0438 \u0440\u0443\u043a\u043e\u0432\u043e\u0434\u0438 \u043e\u0440\u0433\u0430\u043d\u0438\u0437\u0430\u0446\u0438\u0458\u043e\u043c, \u043a\u043e\u043e\u0440\u0434\u0438\u043d\u0438\u0440\u0430 \u0440\u0430\u0434 \u0441\u0435\u043a\u0440\u0435\u0442\u0430\u0440\u0438\u0458\u0430\u0442\u0430, \u043d\u0430\u043b\u0430\u0436\u0435 \u0438\u0437\u0440\u0430\u0434\u0443 \u0433\u043e\u0434\u0438\u0448\u045a\u0435\u0433 \u0438\u0437\u0432\u0435\u0448\u0442\u0430\u0458\u0430 \u043e \u0430\u043a\u0442\u0438\u0432\u043d\u043e\u0441\u0442\u0438\u043c\u0430 \u0441\u0430\u0440\u0430\u0434\u045a\u0435 \u0438 \u0441\u043f\u0440\u043e\u0432\u043e\u0452\u0435\u045a\u0443 \u0441\u043a\u0443\u043f\u0448\u0442\u0438\u043d\u0441\u043a\u0438\u0445 \u043e\u0434\u043b\u0443\u043a\u0430. \u041f\u0440\u0435\u0434\u0441\u0435\u0434\u0430\u0432\u0430\u0458\u0443\u045b\u0438 \u0441\u0430\u0437\u0438\u0432\u0430 \u0441\u0435\u0434\u043d\u0438\u0446\u0435 \u0421\u043a\u0443\u043f\u0448\u0442\u0438\u043d\u0435 \u0438 \u0440\u0443\u043a\u043e\u0432\u043e\u0434\u0438 \u0440\u0430\u0434\u043e\u043c \u0441\u0435\u0434\u043d\u0438\u0446\u0435.<\/p><p>\u041f\u043e\u0441\u043b\u043e\u0432\u0438 \u0421\u0435\u043a\u0440\u0435\u0442\u0430\u0440\u0438\u0458\u0430\u0442\u0430 \u0441\u0443 \u0430\u0434\u043c\u0438\u043d\u0438\u0441\u0442\u0440\u0430\u0442\u0438\u0432\u043d\u0435 \u043f\u0440\u0438\u0440\u043e\u0434\u0435: \u0443 \u0441\u0442\u0430\u043b\u043d\u043e\u043c \u0458\u0435 \u043a\u043e\u043d\u0442\u0430\u043a\u0442\u0443 \u0441\u0430 \u0440\u0435\u0433\u0438\u043e\u043d\u0438\u043c\u0430 \u0447\u043b\u0430\u043d\u0438\u0446\u0430\u043c\u0430, \u0441\u0430\u0440\u0430\u0452\u0443\u0458\u0435 \u0443 \u043f\u0440\u0438\u043f\u0440\u0435\u043c\u0438 \u0440\u0430\u0434\u043d\u0435 \u0432\u0435\u0440\u0437\u0438\u0458\u0435 \u0434\u043e\u043a\u0443\u043c\u0435\u043d\u0430\u0442\u0430, \u0438\u043d\u0438\u0446\u0438\u0440\u0430 \u0438 \u043e\u0440\u0433\u0430\u043d\u0438\u0437\u0443\u0458\u0435 \u0437\u0430\u0458\u0435\u0434\u043d\u0438\u0447\u043a\u0435 \u0434\u043e\u0433\u0430\u0452\u0430\u0458\u0435, \u043f\u0440\u0430\u0442\u0438 \u043f\u0440\u043e\u0433\u0440\u0430\u043c\u0435 \u0415\u0432\u0440\u043e\u043f\u0441\u043a\u0435 \u0443\u043d\u0438\u0458\u0435, \u043d\u0430 \u043e\u0441\u043d\u043e\u0432\u0443 \u043e\u0434\u043b\u0443\u043a\u0435 \u0415\u0432\u0440\u043e\u043f\u0441\u043a\u0435 \u0443\u043d\u0438\u0458\u0435. \u0421\u043a\u0443\u043f\u0448\u0442\u0438\u043d\u0430, \u043f\u0440\u0438\u043f\u0440\u0435\u043c\u0430 \u043f\u0440\u0438\u0458\u0430\u0432\u0435 \u043d\u0430 \u043a\u043e\u043d\u043a\u0443\u0440\u0441\u0435 \u0438 \u0440\u0435\u0430\u043b\u0438\u0437\u0443\u0458\u0435 \u043f\u0440\u043e\u0458\u0435\u043a\u0442\u0435. \u0421\u0435\u0434\u0438\u0448\u0442\u0435 \u0441\u0435\u043a\u0440\u0435\u0442\u0430\u0440\u0438\u0458\u0430\u0442\u0430 \u0458\u0435 \u0443 \u0430\u0434\u043c\u0438\u043d\u0438\u0441\u0442\u0440\u0430\u0442\u0438\u0432\u043d\u043e\u043c \u0441\u0435\u0434\u0438\u0448\u0442\u0443 \u0441\u0430\u0434\u0430\u0448\u045a\u0435\u0433 \u043f\u0440\u0435\u0434\u0441\u0435\u0434\u0430\u0432\u0430\u0458\u0443\u045b\u0435\u0433. \u0421\u0435\u043a\u0440\u0435\u0442\u0430\u0440\u0438\u0458\u0430\u0442 \u0438\u043c\u0430 \u0442\u0440\u0438 \u0434\u0435\u043b\u0435\u0433\u0438\u0440\u0430\u043d\u0430 \u0447\u043b\u0430\u043d\u0430, \u043f\u043e \u0458\u0435\u0434\u043d\u043e\u0433 \u0438\u0437 \u041c\u0430\u0452\u0430\u0440\u0441\u043a\u0435, \u0420\u0443\u043c\u0443\u043d\u0438\u0458\u0435 \u0438 \u0421\u0440\u0431\u0438\u0458\u0435.<\/p><p>\u0415\u0432\u0440\u043e\u0440\u0435\u0433\u0438\u043e\u043d\u0430\u043b\u043d\u0443 \u0430\u0433\u0435\u043d\u0446\u0438\u0458\u0443 \u0437\u0430 \u0458\u0430\u0432\u043d\u043e \u0434\u043e\u0431\u0440\u043e \u0414\u041a\u041c\u0422 \u0414\u0443\u043d\u0430\u0432-\u041a\u0440\u0438\u0448-\u041c\u043e\u0440\u0438\u0448-\u0422\u0438\u0441\u0430 \u043e\u0441\u043d\u043e\u0432\u0430\u043d\u0430 \u0458\u0435 24. \u043c\u0430\u0458\u0430 2003. \u0433\u043e\u0434\u0438\u043d\u0435. \u041e\u0441\u043d\u0438\u0432\u0430\u0447\u043a\u0438 \u0447\u043b\u0430\u043d\u043e\u0432\u0438 \u0421\u043a\u0443\u043f\u0448\u0442\u0438\u043d\u0435 \u043e\u0441\u043d\u043e\u0432\u0430\u043b\u0438 \u0441\u0443 \u043d\u0435\u043f\u0440\u043e\u0444\u0438\u0442\u043d\u043e \u043f\u0440\u0435\u0434\u0443\u0437\u0435\u045b\u0435 \u0443 \u0446\u0438\u0459\u0443 \u043e\u0441\u0442\u0432\u0430\u0440\u0438\u0432\u0430\u045a\u0430 \u0440\u0430\u0437\u0432\u043e\u0458\u043d\u0438\u0445 \u0446\u0438\u0459\u0435\u0432\u0430 \u043f\u043e\u0441\u0442\u0430\u0432\u0459\u0435\u043d\u0438\u0445 \u0443 \u043e\u0441\u043d\u0438\u0432\u0430\u0447\u043a\u043e\u043c \u0434\u043e\u043a\u0443\u043c\u0435\u043d\u0442\u0443 \u0420\u0435\u0433\u0438\u043e\u043d\u0430\u043b\u043d\u0435 \u0441\u0430\u0440\u0430\u0434\u045a\u0435 \u0414\u0443\u043d\u0430\u0432-\u041a\u0440\u0438\u0448-\u041c\u043e\u0440\u0438\u0448-\u0422\u0438\u0441\u0430. \u041e\u0432\u0438\u043c \u043a\u043e\u0440\u0430\u043a\u043e\u043c, \u043f\u043e\u0440\u0435\u0434 \u043f\u043e\u043b\u0438\u0442\u0438\u0447\u043a\u0435 \u043e\u0440\u0433\u0430\u043d\u0438\u0437\u0430\u0446\u0438\u0458\u0435 \u0440\u0435\u0433\u0438\u043e\u043d\u0430\u043b\u043d\u0435 \u0441\u0430\u0440\u0430\u0434\u045a\u0435, \u0441\u0442\u0432\u043e\u0440\u0435\u043d\u043e \u0458\u0435 \u043f\u043e\u0441\u043b\u043e\u0432\u043d\u043e \u0443\u0434\u0440\u0443\u0436\u0435\u045a\u0435 \u0441\u0430 \u043f\u0440\u0430\u0432\u043d\u0438\u043c \u043b\u0438\u0446\u0435\u043c \u043a\u043e\u0458\u0435 \u0458\u0435 \u043f\u043e\u0433\u043e\u0434\u043d\u043e \u0437\u0430 \u043f\u0440\u0438\u043f\u0440\u0435\u043c\u0443 \u0437\u0430\u0458\u0435\u0434\u043d\u0438\u0447\u043a\u0438\u0445 \u0440\u0430\u0437\u0432\u043e\u0458\u043d\u0438\u0445 \u0437\u0430\u0434\u0430\u0442\u0430\u043a\u0430, \u043f\u0440\u0438\u043f\u0440\u0435\u043c\u0443 \u0442\u0435\u043d\u0434\u0435\u0440\u0430, \u0432\u043e\u0452\u0435\u045a\u0435 \u0438 \u0440\u0435\u0430\u043b\u0438\u0437\u0430\u0446\u0438\u0458\u0443 \u043f\u0440\u043e\u0458\u0435\u043a\u0430\u0442\u0430. \u0422\u0440\u0435\u043d\u0443\u0442\u043d\u043e \u043d\u0435\u043f\u0440\u043e\u0444\u0438\u0442\u043d\u0430 \u043e\u0440\u0433\u0430\u043d\u0438\u0437\u0430\u0446\u0438\u0458\u0430 \u043f\u043e\u0441\u043b\u0443\u0458\u0435 \u043f\u043e\u0434 \u043d\u0430\u0437\u0438\u0432\u043e\u043c \u041d\u0435\u043f\u0440\u043e\u0444\u0438\u0442\u043d\u043e \u0458\u0430\u0432\u043d\u043e \u043f\u0440\u0435\u0434\u0443\u0437\u0435\u045b\u0435 \u0434\u043e\u043e \u0415\u0432\u0440\u043e\u0440\u0435\u0433\u0438\u043e\u043d\u0430\u043b\u043d\u0430 \u0440\u0430\u0437\u0432\u043e\u0458\u043d\u0430 \u0430\u0433\u0435\u043d\u0446\u0438\u0458\u0430 \u0414\u041a\u041c\u0422 \u0414\u0443\u043d\u0430\u0432-\u041a\u0440\u0438\u0448-\u041c\u043e\u0440\u0438\u0448-\u0422\u0438\u0441\u0430.<\/p><p>\u0421\u0430\u0440\u0430\u0434\u045a\u0430 \u0442\u0430\u043a\u043e\u0452\u0435 \u0438\u0433\u0440\u0430 \u0443\u043b\u043e\u0433\u0443 \u0443 \u043c\u0435\u0452\u0443\u043d\u0430\u0440\u043e\u0434\u043d\u0438\u043c \u043e\u0440\u0433\u0430\u043d\u0438\u0437\u0430\u0446\u0438\u0458\u0430\u043c\u0430, \u0408.\u0434. \u041d\u0435\u043f\u0440\u043e\u0444\u0438\u0442\u043d\u043e \u0434\u043e\u043e \u0414\u041a\u041c\u0422 \u0458\u0435 \u0447\u043b\u0430\u043d \u0410\u0441\u043e\u0446\u0438\u0458\u0430\u0446\u0438\u0458\u0435 \u0435\u0432\u0440\u043e\u043f\u0441\u043a\u0438\u0445 \u043f\u043e\u0433\u0440\u0430\u043d\u0438\u0447\u043d\u0438\u0445 \u0440\u0435\u0433\u0438\u043e\u043d\u0430 (\u0410\u0415\u0411\u0420), \u0430 \u0433\u0435\u043d\u0435\u0440\u0430\u043b\u043d\u0438 \u0434\u0438\u0440\u0435\u043a\u0442\u043e\u0440 \u0408.\u0434. \u041d\u043e\u043d-\u043f\u0440\u043e\u0444\u0438\u0442 \u0434\u043e\u043e \u0414\u041a\u041c\u0422 \u0458\u0435 \u0447\u043b\u0430\u043d \u043f\u0440\u0435\u0434\u0441\u0435\u0434\u043d\u0438\u0448\u0442\u0432\u0430 \u0410\u0415\u0411\u0420-\u0430.<\/p>\t\t\t\t\t\t<\/div>\n\t\t\t\t<\/div>\n\t\t\t\t\t<\/div>\n\t\t<\/div>\n\t\t\t\t\t\t\t<\/div>\n\t\t<\/section>\n\t\t\t\t\t\t\t<\/div>","protected":false},"excerpt":{"rendered":"<p>A Duna-K\u00f6r\u00f6s-Maros-Tisza Region\u00e1lis Egy\u00fcttm\u0171k\u00f6d\u00e9s A szervezet 1997. november 21-\u00e9n alakult Szegeden. A k\u00f6zhaszn\u00e1latban elterjedt neve: DKMT Euror\u00e9gi\u00f3 Jelenlegi tagjai: B\u00e1cs-Kiskun \u00e9s Csongr\u00e1d-Csan\u00e1d v\u00e1rmegye (Magyarorsz\u00e1g) Arad, Krass\u00f3-Sz\u00f6r\u00e9ny \u00e9s Temes megye (Rom\u00e1nia) Vajdas\u00e1g Auton\u00f3m Tartom\u00e1ny (Szerbia) Lakoss\u00e1ga: 4 milli\u00f3 f\u0151 Az egy\u00fcttm\u0171k\u00f6d\u00e9s c\u00e9lj\u00e1t az al\u00e1\u00edr\u00f3k \u00fagy hat\u00e1rozt\u00e1k meg, hogy az fejlessze \u00e9s sz\u00e9les\u00edtse a helyi k\u00f6z\u00f6ss\u00e9gek \u00e9s [&hellip;]<\/p>","protected":false},"author":3,"featured_media":0,"parent":0,"menu_order":0,"comment_status":"closed","ping_status":"closed","template":"","meta":{"inline_featured_image":false,"_links_to":"","_links_to_target":""},"_links":{"self":[{"href":"https:\/\/dkmt.net\/sr\/wp-json\/wp\/v2\/pages\/475"}],"collection":[{"href":"https:\/\/dkmt.net\/sr\/wp-json\/wp\/v2\/pages"}],"about":[{"href":"https:\/\/dkmt.net\/sr\/wp-json\/wp\/v2\/types\/page"}],"author":[{"embeddable":true,"href":"https:\/\/dkmt.net\/sr\/wp-json\/wp\/v2\/users\/3"}],"replies":[{"embeddable":true,"href":"https:\/\/dkmt.net\/sr\/wp-json\/wp\/v2\/comments?post=475"}],"version-history":[{"count":0,"href":"https:\/\/dkmt.net\/sr\/wp-json\/wp\/v2\/pages\/475\/revisions"}],"wp:attachment":[{"href":"https:\/\/dkmt.net\/sr\/wp-json\/wp\/v2\/media?parent=475"}],"curies":[{"name":"wp","href":"https:\/\/api.w.org\/{rel}","templated":true}]}}