{"id":388,"date":"2022-04-10T19:52:51","date_gmt":"2022-04-10T19:52:51","guid":{"rendered":"https:\/\/dkmt.net\/?page_id=388"},"modified":"2023-04-14T12:57:40","modified_gmt":"2023-04-14T10:57:40","slug":"kozgyules","status":"publish","type":"page","link":"https:\/\/dkmt.net\/sr\/kozgyules\/","title":{"rendered":"\u0413\u0435\u043d\u0435\u0440\u0430\u043b\u043d\u0430 \u0441\u043a\u0443\u043f\u0448\u0442\u0438\u043d\u0430"},"content":{"rendered":"<div data-elementor-type=\"wp-page\" data-elementor-id=\"388\" class=\"elementor elementor-388\">\n\t\t\t\t\t\t\t\t\t<section class=\"elementor-section elementor-top-section elementor-element elementor-element-4231f79 elementor-section-boxed elementor-section-height-default elementor-section-height-default\" data-id=\"4231f79\" data-element_type=\"section\" data-settings=\"{&quot;jet_parallax_layout_list&quot;:[]}\">\n\t\t\t\t\t\t<div class=\"elementor-container elementor-column-gap-default\">\n\t\t\t\t\t<div class=\"elementor-column elementor-col-100 elementor-top-column elementor-element elementor-element-b5a1389\" data-id=\"b5a1389\" data-element_type=\"column\">\n\t\t\t<div class=\"elementor-widget-wrap elementor-element-populated\">\n\t\t\t\t\t\t\t\t<div class=\"elementor-element elementor-element-92ac90b elementor-widget elementor-widget-text-editor\" data-id=\"92ac90b\" data-element_type=\"widget\" data-widget_type=\"text-editor.default\">\n\t\t\t\t<div class=\"elementor-widget-container\">\n\t\t\t<style>\/*! elementor - v3.12.1 - 02-04-2023 *\/\n.elementor-widget-text-editor.elementor-drop-cap-view-stacked .elementor-drop-cap{background-color:#69727d;color:#fff}.elementor-widget-text-editor.elementor-drop-cap-view-framed .elementor-drop-cap{color:#69727d;border:3px solid;background-color:transparent}.elementor-widget-text-editor:not(.elementor-drop-cap-view-default) .elementor-drop-cap{margin-top:8px}.elementor-widget-text-editor:not(.elementor-drop-cap-view-default) .elementor-drop-cap-letter{width:1em;height:1em}.elementor-widget-text-editor .elementor-drop-cap{float:left;text-align:center;line-height:1;font-size:50px}.elementor-widget-text-editor .elementor-drop-cap-letter{display:inline-block}<\/style>\t\t\t\t<h1 align=\"center\"><strong>SKUPSTINA<\/strong><\/h1><p><strong>Srbija<\/strong><\/p><p>Autonomna Pokrajina Vojvodina<br \/>\u0421\u0420\u0411 - 21000 \u041d\u043e\u0432\u0438 \u0421\u0430\u0434, \u0411\u0443\u043b. \u041c\u0438\u0445\u0430\u0458\u043b\u0430 \u041f\u0443\u043f\u0438\u043d\u0430 16.<br \/><a href=\"http:\/\/www.vojvodina.sr.gov.yu\">\u0432\u0432\u0432.\u0432\u043e\u0458\u0432\u043e\u0434\u0438\u043d\u0430.\u0441\u0440.\u0433\u043e\u0432.\u0438\u0443<\/a><\/p><p>\u0413\u0440\u0430\u0434 \u0421\u0443\u0431\u043e\u0442\u0438\u0446\u0430<\/p><p>\u0421\u0420\u0411 \u2013 24000 \u0421\u0443\u0431\u043e\u0442\u0438\u0446\u0430, \u0422\u0440\u0433 \u0441\u043b\u043e\u0431\u043e\u0434\u0435 1.<br \/><a href=\"http:\/\/www.subotica.co.yu\">\u0432\u0432\u0432.\u0441\u0443\u0431\u043e\u0442\u0438\u0446\u0430.\u0446\u043e.\u0438\u0443<\/a><\/p><p>Privredna Komora Vojvodine<br \/>\u0421\u0420\u0411 \u2013 21000 \u041d\u043e\u0432\u0438 \u0421\u0430\u0434, \u0425\u0430\u0458\u0434\u0443\u043a \u0412\u0435\u0459\u043a\u043e\u0432\u0430 11.<br \/><a href=\"http:\/\/www.pkv.co.yu\">\u0432\u0432\u0432.\u043f\u043a\u0432.\u0446\u043e.\u0438\u0443<\/a><\/p><p>\u0423\u043d\u0438\u0432\u0435\u0440\u0437\u0438\u0442\u0435\u0442 \u0443 \u041d\u043e\u0432\u043e\u043c \u0421\u0430\u0434\u0443 (\u0423\u043d\u0438\u0432\u0435\u0440\u0437\u0438\u0442\u0435\u0442 \u0443 \u041d\u043e\u0432\u043e\u043c \u0421\u0430\u0434\u0443)<br \/>\u0421\u0420\u0411 - 21000 \u041d\u043e\u0432\u0438 \u0421\u0430\u0434, \u0422\u0440\u0433. \u0414\u043e\u0441\u0438\u0442\u0435\u0458\u0430 \u041e\u0431\u0440\u0430\u0434\u043e\u0432\u0438\u045b\u0430 5.<br \/><a href=\"http:\/\/www.ns.ac.yu\">\u0432\u0432\u0432.\u043d\u0441.\u0430\u0446.\u0438\u0443<\/a><\/p><p><strong>\u0420\u0443\u043c\u0443\u043d\u0438\u0458\u0430<\/strong><\/p><p>\u0426\u043e\u043d\u0441\u0438\u043b\u0438\u0443\u043b \u0408\u0443\u0434\u0435\u0442\u0435\u0430\u043d \u0425\u0443\u043d\u0435\u0434\u043e\u0430\u0440\u0430 (\u0412\u0438\u0458\u0435\u045b\u0435 \u043e\u043a\u0440\u0443\u0433\u0430 \u0425\u0443\u045a\u0430\u0434)<br \/>\u0420\u041e \u2013 330025-\u0414\u0435\u0432\u0430 \u0421\u0442\u0440. 1 \u0414\u0435\u0446\u0435\u043c\u0431\u0440\u0438\u0435 1918 \u043d\u0440. 28.<br \/><a href=\"http:\/\/www.cjhunedoara.ro\">\u0432\u0432\u0432.\u0446\u0458\u0445\u0443\u043d\u0435\u0434\u043e\u0430\u0440\u0430.\u0440\u043e<\/a><\/p><p>\u0426\u043e\u043d\u0441\u0438\u043b\u0438\u0443\u043b \u0408\u0443\u0434\u0435\u0442\u0435\u0430\u043d \u0410\u0440\u0430\u0434 (\u0412\u0435\u045b\u0435 \u043e\u043a\u0440\u0443\u0433\u0430 \u0410\u0440\u0430\u0434)<br \/>\u0420\u041e -310003 \u0410\u0440\u0430\u0434; \u0426\u043e\u0440\u043d\u0435\u043b\u0438\u0443 \u0426\u043e\u043f\u043e\u0441\u0443 \u043d\u0440. 22.<br \/><a href=\"http:\/\/www.cjarad.ro\">\u0432\u0432\u0432.\u0446\u0458\u0430\u0440\u0430\u0434.\u0440\u043e<\/a><\/p><p>\u0426\u043e\u043d\u0441\u0438\u043b\u0438\u0443\u043b \u0408\u0443\u0434\u0435\u0442\u0435\u0430\u043d \u0426\u0430\u0440\u0430\u0441-\u0421\u0435\u0432\u0435\u0440\u0438\u043d (\u0412\u0438\u0458\u0435\u045b\u0435 \u043e\u043a\u0440\u0443\u0433\u0430 \u041a\u0440\u0430\u0441\u043e-\u0421\u0437\u043e\u0440\u0435\u043d\u0438)<br \/>\u0420\u041e \u2013 320084-\u0420\u0435\u0441\u0438\u0442\u0430, \u041f\u0438\u0430\u0442\u0430 1 \u0414\u0435\u0446\u0435\u043c\u0431\u0440\u0438\u0435 1918 \u043d\u0440. 1.<br \/><a href=\"http:\/\/www.cjcs.ro\">\u0432\u0432\u0432.\u0446\u0458\u0446\u0441.\u0440\u043e<\/a><\/p><p>\u0426\u043e\u043d\u0441\u0438\u043b\u0438\u0443\u043b \u0408\u0443\u0434\u0435\u0442\u0435\u0430\u043d \u0422\u0438\u043c\u0438\u0441 (\u041e\u043a\u0440\u0443\u0436\u043d\u043e \u0432\u0435\u045b\u0435 \u0422\u0438\u043c\u0438\u0448)<br \/>\u0420\u041e \u2013 300034- \u0422\u0435\u043c\u0438\u0448\u0432\u0430\u0440, \u0411\u043b \u0420\u0435\u0432\u043e\u043b\u0443\u0442\u0438\u0435\u0438 \u0434\u0438\u043d 1989, \u0431\u0440. 17.<br \/><a href=\"http:\/\/www.cjtimis.ro\">\u0432\u0432\u0432.\u0446\u0458\u0442\u0438\u043c\u0438\u0441.\u0440\u043e<\/a><\/p><p>\u0426\u0430\u043c\u0435\u0440\u0430 \u0434\u0435 \u0426\u043e\u043c\u0435\u0440\u0442, \u0418\u043d\u0434\u0443\u0441\u0442\u0440\u0438\u0435 \u0441\u0438 \u0410\u0433\u0440\u0438\u0446\u0443\u043b\u0442\u0443\u0440\u0430 \u0422\u0435\u043c\u0438\u0448\u0432\u0430\u0440<br \/>(\u041f\u0440\u0438\u0432\u0440\u0435\u0434\u043d\u0430, \u0438\u043d\u0434\u0443\u0441\u0442\u0440\u0438\u0458\u0441\u043a\u0430 \u0438 \u043f\u043e\u0459\u043e\u043f\u0440\u0438\u0432\u0440\u0435\u0434\u043d\u0430 \u043a\u043e\u043c\u043e\u0440\u0430 \u0422\u0435\u043c\u0435\u0441\u0432\u0430\u0440\u0438)<br \/>\u0420\u041e \u2013 300030-\u0422\u0435\u043c\u0438\u0448\u0432\u0430\u0440, \u041f\u0438\u0430\u0442\u0430 \u0412\u0438\u0446\u0442\u043e\u0440\u0438\u0435\u0438 \u043d\u0440. 3.<br \/><a href=\"http:\/\/www.cciat.ro\">\u0432\u0432\u0432.\u0446\u0446\u0438\u0430\u0442.\u0440\u043e<\/a><\/p><p>\u0423\u043d\u0438\u0432\u0435\u0440\u0441\u0438\u0442\u0430\u0442\u0435\u0430 \u0434\u0435 \u0412\u0435\u0441\u0442 \u0434\u0438\u043d \u0422\u0435\u043c\u0438\u0441\u043e\u0430\u0440\u0430 (\u0417\u0430\u043f\u0430\u0434\u043d\u0438 \u0443\u043d\u0438\u0432\u0435\u0440\u0437\u0438\u0442\u0435\u0442 \u0443 \u0422\u0435\u043c\u0438\u0448\u0432\u0430\u0440\u0443)<br \/>\u0420\u041e \u2013 300223-\u0422\u0435\u043c\u0438\u0448\u0432\u0430\u0440, \u0443\u043b. \u0412\u0430\u0441\u0438\u043b\u0435 \u041f\u0430\u0440\u0432\u0430\u043d \u0431\u0440. 4.<br \/><a href=\"http:\/\/www.uvt.ro\">\u0432\u0432\u0432.\u0443\u0432\u0442.\u0440\u043e<\/a><\/p><p><strong>\u041c\u0430\u0452\u0430\u0440\u0441\u043a\u0430<\/strong><\/p><p>\u041e\u043f\u0448\u0442\u0438\u043d\u0430 \u0411\u0430\u0447-\u041a\u0438\u0448\u043a\u0443\u043d<br \/>\u0425\u0423 \u2013 6000 \u041a\u0435\u0447\u043a\u0435\u043c\u0435\u0442, \u0414\u0435\u0430\u043a \u0424\u0435\u0440\u0435\u043d\u0446 \u0442\u0435\u0440 3.<br \/><a href=\"http:\/\/www.bacskiskun.hu\">\u0432\u0432\u0432.\u0431\u0430\u0446\u0441\u043a\u0438\u0441\u043a\u0443\u043d.\u0445\u0443<\/a><\/p><p>\u041e\u043f\u0448\u0442\u0438\u043d\u0430 \u0427\u043e\u043d\u0433\u0440\u0430\u0434-\u0427\u0430\u043d\u0430\u0434<br \/>\u0425\u0423 \u2013 6741 \u0421\u0435\u0433\u0435\u0434\u0438\u043d, \u0420\u0430\u043a\u043e\u0446\u0437\u0438 \u0442\u0435\u0440 1.<br \/><a href=\"http:\/\/www.csongrad-megye.hu\">\u0432\u0432\u0432.\u0446\u0441\u043e\u043d\u0433\u0440\u0430\u0434-\u043c\u0435\u0433\u0438\u0435.\u0445\u0443<\/a><\/p><p>\u0413\u0440\u0430\u0434 \u043e\u043a\u0440\u0443\u0433\u0430 \u0411\u0435\u043a\u0435\u0448\u0447\u0430\u0431\u0430<br \/>\u0425\u0423 \u2013 5600 \u0411\u0435\u043a\u0435\u0441\u0446\u0441\u0430\u0431\u0430, \u0421\u0437\u0435\u043d\u0442 \u0418\u0441\u0442\u0432\u0430\u043d \u0442\u0435\u0440 7.<br \/><a href=\"http:\/\/www.bekescsaba.hu\">\u0432\u0432\u0432.\u0431\u0435\u043a\u0435\u0441\u0446\u0441\u0430\u0431\u0430.\u0445\u0443<\/a><\/p><p>\u041e\u043a\u0440\u0443\u0436\u043d\u0438 \u0433\u0440\u0430\u0434 \u0421\u0435\u0433\u0435\u0434\u0438\u043d<br \/>\u0425\u0423 \u2013 6720 \u0421\u0435\u0433\u0435\u0434\u0438\u043d, \u0421\u0437\u0435\u0446\u0445\u0435\u043d\u0438\u0438 \u0442\u0435\u0440 10\/11<br \/><a href=\"http:\/\/www.szegedvaros.hu\">\u0432\u0432\u0432.\u0441\u0437\u0435\u0433\u0435\u0434\u0432\u0430\u0440\u043e\u0441.\u0445\u0443<\/a><\/p><p>\u041f\u0440\u0438\u0432\u0440\u0435\u0434\u043d\u0430 \u0438 \u0438\u043d\u0434\u0443\u0441\u0442\u0440\u0438\u0458\u0441\u043a\u0430 \u043a\u043e\u043c\u043e\u0440\u0430 \u043e\u043a\u0440\u0443\u0433\u0430 \u0427\u043e\u043d\u0433\u0440\u0430\u0434-\u0427\u0430\u043d\u0430\u0434<br \/>\u0425\u0423 \u2013 6721 \u0421\u0435\u0433\u0435\u0434\u0438\u043d, \u041f\u0430\u0440\u0438\u0437\u0441\u0438 \u043a\u0440\u0442. 8-12.<br \/><a href=\"http:\/\/www.csmkik.hu\">\u0432\u0432\u0432.\u0446\u0441\u043c\u043a\u0438\u043a.\u0445\u0443<\/a><\/p><p>\u0423\u043d\u0438\u0432\u0435\u0440\u0437\u0438\u0442\u0435\u0442 \u0443 \u0421\u0435\u0433\u0435\u0434\u0438\u043d\u0443<br \/>\u0425\u0423 \u2013 6720 \u0421\u0435\u0433\u0435\u0434\u0438\u043d, \u0414\u0443\u0433\u043e\u043d\u0438\u045b \u0442\u0435\u0440 13.<br \/><a href=\"http:\/\/www.u-szeged.hu\">\u0432\u0432\u0432.\u0443-\u0441\u0437\u0435\u0433\u0435\u0434.\u0445\u0443<\/a><\/p><p>\u0426\u0438\u0432\u0438\u043b\u043d\u0435 \u043e\u0440\u0433\u0430\u043d\u0438\u0437\u0430\u0446\u0438\u0458\u0435: 1 \u0437\u0430\u0458\u0435\u0434\u043d\u0438\u0447\u043a\u0438 \u043f\u0440\u0435\u0434\u0441\u0442\u0430\u0432\u043d\u0438\u043a<br \/>\u0423\u0434\u0440\u0443\u0436\u0435\u045a\u0435 \u0446\u0438\u0432\u0438\u043b\u043d\u0438\u0445 \u043e\u0440\u0433\u0430\u043d\u0438\u0437\u0430\u0446\u0438\u0458\u0430<br \/>\u0425\u0423 \u2013 6724 \u0421\u0435\u0433\u0435\u0434\u0438\u043d, \u0415\u0441\u043f\u0435\u0440\u0430\u043d\u0442\u043e \u0443. 1.<br \/>\u0426\u043e\u043c\u043c\u0443\u043d\u0438\u0442\u0438 \u0425\u043e\u0443\u0441\u0435<\/p><p>\u0421\u0438\u043d\u0434\u0438\u043a\u0430\u0442\u0438: 1 \u0437\u0430\u0458\u0435\u0434\u043d\u0438\u0447\u043a\u0438 \u043f\u0440\u0435\u0434\u0441\u0442\u0430\u0432\u043d\u0438\u043a<br \/>\u041c\u0421\u0417\u041e\u0421\u0417 (\u041d\u0430\u0446\u0438\u043e\u043d\u0430\u043b\u043d\u043e \u0443\u0434\u0440\u0443\u0436\u0435\u045a\u0435 \u043c\u0430\u0452\u0430\u0440\u0441\u043a\u0438\u0445 \u0441\u0438\u043d\u0434\u0438\u043a\u0430\u0442\u0430)<br \/>\u0425\u0423 \u2013 6720 \u0421\u0435\u0433\u0435\u0434\u0438\u043d, \u0414\u0435\u0430\u043a \u0424\u0435\u0440\u0435\u043d\u0446 \u0443. 22.<\/p><p>\u041e\u043c\u043b\u0430\u0434\u0438\u043d\u0441\u043a\u0435 \u043e\u0440\u0433\u0430\u043d\u0438\u0437\u0430\u0446\u0438\u0458\u0435: 1 \u0437\u0430\u0458\u0435\u0434\u043d\u0438\u0447\u043a\u0438 \u043f\u0440\u0435\u0434\u0441\u0442\u0430\u0432\u043d\u0438\u043a<br \/>\u0423\u0434\u0440\u0443\u0436\u0435\u045a\u0435 \u043c\u043b\u0430\u0434\u0438\u0445 \u0415\u0432\u0440\u043e\u0440\u0435\u0433\u0438\u0458\u0435 \u0414\u041a\u041c\u0422<br \/>\u0425\u0423-6725 \u0421\u0435\u0433\u0435\u0434\u0438\u043d, \u041f\u0440\u0435\u0441\u0432\u0435\u0442\u0430 \u0411\u043e\u0433\u043e\u0440\u043e\u0434\u0438\u0446\u0430. 4.<br \/><a href=\"http:\/\/www.dkmt.org\">\u0432\u0432\u0432.\u0434\u043a\u043c\u0442.\u043e\u0440\u0433<\/a><\/p>\t\t\t\t\t\t<\/div>\n\t\t\t\t<\/div>\n\t\t\t\t\t<\/div>\n\t\t<\/div>\n\t\t\t\t\t\t\t<\/div>\n\t\t<\/section>\n\t\t\t\t\t\t\t<\/div>","protected":false},"excerpt":{"rendered":"<p>K\u00d6ZGY\u0170L\u00c9S TAGJAI Szerbia Autonomna Pokrajina Vojvodina (Vajdas\u00e1g Auton\u00f3m Tartom\u00e1ny)SRB &#8211; 21000 Novi Sad, Bul. Mihajla Pupina 16.www.vojvodina.sr.gov.yu Szabadka v\u00e1ros SRB &#8211; 24000 Subotica, Trg slobode 1.www.subotica.co.yu Privredna Komora Vojvodine (Vajdas\u00e1gi Gazdas\u00e1gi Kamara)SRB &#8211; 21000 Novi Sad, Hajduk Veljkova 11.www.pkv.co.yu Univerzitet u Novom Sadu (\u00dajvid\u00e9ki Egyetem)SRB &#8211; 21000 Novi Sad, Trg. Dositeja Obradovica 5.www.ns.ac.yu Romania Consiliul [&hellip;]<\/p>","protected":false},"author":3,"featured_media":0,"parent":0,"menu_order":0,"comment_status":"closed","ping_status":"closed","template":"","meta":{"inline_featured_image":false,"_links_to":"","_links_to_target":""},"_links":{"self":[{"href":"https:\/\/dkmt.net\/sr\/wp-json\/wp\/v2\/pages\/388"}],"collection":[{"href":"https:\/\/dkmt.net\/sr\/wp-json\/wp\/v2\/pages"}],"about":[{"href":"https:\/\/dkmt.net\/sr\/wp-json\/wp\/v2\/types\/page"}],"author":[{"embeddable":true,"href":"https:\/\/dkmt.net\/sr\/wp-json\/wp\/v2\/users\/3"}],"replies":[{"embeddable":true,"href":"https:\/\/dkmt.net\/sr\/wp-json\/wp\/v2\/comments?post=388"}],"version-history":[{"count":0,"href":"https:\/\/dkmt.net\/sr\/wp-json\/wp\/v2\/pages\/388\/revisions"}],"wp:attachment":[{"href":"https:\/\/dkmt.net\/sr\/wp-json\/wp\/v2\/media?parent=388"}],"curies":[{"name":"wp","href":"https:\/\/api.w.org\/{rel}","templated":true}]}}