{"id":481,"date":"2022-04-11T21:55:54","date_gmt":"2022-04-11T21:55:54","guid":{"rendered":"https:\/\/dkmt.net\/?page_id=481"},"modified":"2023-04-05T17:19:27","modified_gmt":"2023-04-05T17:19:27","slug":"titkarsag","status":"publish","type":"page","link":"https:\/\/dkmt.net\/ro\/titkarsag\/","title":{"rendered":"Secretariat"},"content":{"rendered":"<div data-elementor-type=\"wp-page\" data-elementor-id=\"481\" class=\"elementor elementor-481\">\n\t\t\t\t\t\t\t\t\t<section class=\"elementor-section elementor-top-section elementor-element elementor-element-54263c9 elementor-section-boxed elementor-section-height-default elementor-section-height-default\" data-id=\"54263c9\" data-element_type=\"section\" data-settings=\"{&quot;jet_parallax_layout_list&quot;:[]}\">\n\t\t\t\t\t\t<div class=\"elementor-container elementor-column-gap-default\">\n\t\t\t\t\t<div class=\"elementor-column elementor-col-100 elementor-top-column elementor-element elementor-element-248327d\" data-id=\"248327d\" data-element_type=\"column\">\n\t\t\t<div class=\"elementor-widget-wrap elementor-element-populated\">\n\t\t\t\t\t\t\t\t<div class=\"elementor-element elementor-element-ee3b5ff elementor-widget elementor-widget-text-editor\" data-id=\"ee3b5ff\" data-element_type=\"widget\" data-widget_type=\"text-editor.default\">\n\t\t\t\t<div class=\"elementor-widget-container\">\n\t\t\t<style>\/*! elementor - v3.12.1 - 02-04-2023 *\/\n.elementor-widget-text-editor.elementor-drop-cap-view-stacked .elementor-drop-cap{background-color:#69727d;color:#fff}.elementor-widget-text-editor.elementor-drop-cap-view-framed .elementor-drop-cap{color:#69727d;border:3px solid;background-color:transparent}.elementor-widget-text-editor:not(.elementor-drop-cap-view-default) .elementor-drop-cap{margin-top:8px}.elementor-widget-text-editor:not(.elementor-drop-cap-view-default) .elementor-drop-cap-letter{width:1em;height:1em}.elementor-widget-text-editor .elementor-drop-cap{float:left;text-align:center;line-height:1;font-size:50px}.elementor-widget-text-editor .elementor-drop-cap-letter{display:inline-block}<\/style>\t\t\t\t<h2><strong>SECRETARIATUL DKMT<\/strong><\/h2><p align=\"justify\">Conform hot\u0103r\u00e2rii ultimei Adun\u0103ri Generale, sediul secretariatului este sediul administrativ al pre\u0219edintelui.<span style=\"color: #ffffff;\">\u00a0<\/span>va avea sediul. Acoperirea necesar\u0103 pentru func\u021bionarea secretariatului este asigurat\u0103 de membrii titulari ai Adun\u0103rii Generale.<\/p><p align=\"justify\">Activitatea secretariatului este condus\u0103 de pre\u0219edinte. Secretariatul are 3 membri delega\u021bi, dintre care 1 maghiar, 1 rom\u00e2n \u0219i 1 membru Voivodina. \u0218eful secretariatului este un membru delegat din \u021bara care asigur\u0103 pre\u0219edintele consecutiv. \u0218eful secretariatului se schimb\u0103 odat\u0103 cu rota\u021bia pre\u0219edintelui.<\/p><p>\u00cendatoririle principale:<\/p><blockquote><p>\u00b7 coordoneaz\u0103 \u0219edin\u021bele Adun\u0103rii Generale,<\/p><p>\u00b7 contribuie la intocmirea documentelor de lucru,<\/p><p>\u00b7 men\u021bine contactul constant cu regiunile membre,<\/p><p>\u00b7 asigur\u0103 fluxul continuu de informa\u021bii,<\/p><p>\u00b7 construie\u0219te rela\u021bii cu alte colabor\u0103ri regionale,<\/p><p>\u00b7 monitorizeaz\u0103 diferitele programe ale Uniunii Europene \u0219i, \u00een baza hot\u0103r\u00e2rii Adun\u0103rii Generale, preg\u0103te\u0219te licita\u021bii \u0219i organizeaz\u0103 implementarea proiectelor,<\/p><p>\u00b7 ini\u021biaz\u0103 \u0219i faciliteaz\u0103 organizarea de evenimente \u0219i campanii comune,<\/p><p>\u00b7 se asigur\u0103 c\u0103 site-ul web al DKMT este actualizat.<\/p><\/blockquote><p>Angaja\u021bii dvs.:<\/p><blockquote><p>\u00b7 Be\u00e1ta Domonkos: reprezentant al jude\u021belor membre din Ungaria<\/p><p>\u00b7 \u00c9va Fenyvesi: reprezentant al jude\u021belor membre din Rom\u00e2nia<\/p><p>\u00b7 Roland K\u00f3kai: Reprezentant al Voivodinei<\/p><\/blockquote><p>adresa maghiara:<br \/>6722 Szeged, T\u00e1bor u. 7\/B.<br \/>Telefon: +36-62\/543-165<br \/>Fax: +36-62\/543-166<\/p><p>adresa romaneasca:<br \/>300034 Timi\u0219oara, Bd. Revolutiei din 1989. nr. 17. Rom\u00e2nia<br \/>Telefon: +40-256\/493-674<br \/>Fax: +40-256\/406-361<\/p><p>Adresa Voivodina:<br \/>21 000 Novi Sad, Bul. Mihajla Pupina 16. Serbia<br \/>Telefon: +381-21\/456-190<br \/>Fax: +381-21\/456-190<\/p><p>E-mail:\u00a0<a href=\"mailto:office@dkmt.net\">office@dkmt.net<\/a><\/p>\t\t\t\t\t\t<\/div>\n\t\t\t\t<\/div>\n\t\t\t\t\t<\/div>\n\t\t<\/div>\n\t\t\t\t\t\t\t<\/div>\n\t\t<\/section>\n\t\t\t\t\t\t\t<\/div>","protected":false},"excerpt":{"rendered":"<p>A DKMT TITK\u00c1RS\u00c1GA A legutols\u00f3 K\u00f6zgy\u0171l\u00e9s d\u00f6nt\u00e9se \u00e9rtelm\u00e9ben a titk\u00e1rs\u00e1g sz\u00e9khelye a soros eln\u00f6k adminisztr\u00e1ci\u00f3s\u00a0sz\u00e9khelye lesz. A titk\u00e1rs\u00e1g m\u0171k\u00f6d\u00e9s\u00e9hez sz\u00fcks\u00e9ges fedezetet a K\u00f6zgy\u0171l\u00e9s teljes jog\u00fa tagjai biztos\u00edtj\u00e1k. A titk\u00e1rs\u00e1g munk\u00e1j\u00e1t a soros eln\u00f6k ir\u00e1ny\u00edtja. A titk\u00e1rs\u00e1gnak 3 deleg\u00e1lt tagja van, melyek k\u00f6z\u00fcl 1 f\u0151 magyar, 1 f\u0151 rom\u00e1n, 1 f\u0151\u00a0vajdas\u00e1gi tag. A titk\u00e1rs\u00e1g vezet\u0151je a [&hellip;]<\/p>","protected":false},"author":3,"featured_media":0,"parent":0,"menu_order":0,"comment_status":"closed","ping_status":"closed","template":"","meta":{"inline_featured_image":false,"_links_to":"","_links_to_target":""},"_links":{"self":[{"href":"https:\/\/dkmt.net\/ro\/wp-json\/wp\/v2\/pages\/481"}],"collection":[{"href":"https:\/\/dkmt.net\/ro\/wp-json\/wp\/v2\/pages"}],"about":[{"href":"https:\/\/dkmt.net\/ro\/wp-json\/wp\/v2\/types\/page"}],"author":[{"embeddable":true,"href":"https:\/\/dkmt.net\/ro\/wp-json\/wp\/v2\/users\/3"}],"replies":[{"embeddable":true,"href":"https:\/\/dkmt.net\/ro\/wp-json\/wp\/v2\/comments?post=481"}],"version-history":[{"count":0,"href":"https:\/\/dkmt.net\/ro\/wp-json\/wp\/v2\/pages\/481\/revisions"}],"wp:attachment":[{"href":"https:\/\/dkmt.net\/ro\/wp-json\/wp\/v2\/media?parent=481"}],"curies":[{"name":"wp","href":"https:\/\/api.w.org\/{rel}","templated":true}]}}