{"id":478,"date":"2022-04-11T21:55:54","date_gmt":"2022-04-11T21:55:54","guid":{"rendered":"https:\/\/dkmt.net\/?page_id=478"},"modified":"2022-04-11T22:11:45","modified_gmt":"2022-04-11T22:11:45","slug":"adatok","status":"publish","type":"page","link":"https:\/\/dkmt.net\/ro\/adatok\/","title":{"rendered":"Date"},"content":{"rendered":"<div data-elementor-type=\"wp-page\" data-elementor-id=\"478\" class=\"elementor elementor-478\">\n\t\t\t\t\t\t\t\t\t<section class=\"elementor-section elementor-top-section elementor-element elementor-element-7d2d39f elementor-section-boxed elementor-section-height-default elementor-section-height-default\" data-id=\"7d2d39f\" data-element_type=\"section\" data-settings=\"{&quot;jet_parallax_layout_list&quot;:[]}\">\n\t\t\t\t\t\t<div class=\"elementor-container elementor-column-gap-default\">\n\t\t\t\t\t<div class=\"elementor-column elementor-col-100 elementor-top-column elementor-element elementor-element-6ab51da\" data-id=\"6ab51da\" data-element_type=\"column\">\n\t\t\t<div class=\"elementor-widget-wrap elementor-element-populated\">\n\t\t\t\t\t\t\t\t<div class=\"elementor-element elementor-element-85097d8 elementor-widget elementor-widget-text-editor\" data-id=\"85097d8\" data-element_type=\"widget\" data-widget_type=\"text-editor.default\">\n\t\t\t\t<div class=\"elementor-widget-container\">\n\t\t\t<style>\/*! elementor - v3.12.1 - 02-04-2023 *\/\n.elementor-widget-text-editor.elementor-drop-cap-view-stacked .elementor-drop-cap{background-color:#69727d;color:#fff}.elementor-widget-text-editor.elementor-drop-cap-view-framed .elementor-drop-cap{color:#69727d;border:3px solid;background-color:transparent}.elementor-widget-text-editor:not(.elementor-drop-cap-view-default) .elementor-drop-cap{margin-top:8px}.elementor-widget-text-editor:not(.elementor-drop-cap-view-default) .elementor-drop-cap-letter{width:1em;height:1em}.elementor-widget-text-editor .elementor-drop-cap{float:left;text-align:center;line-height:1;font-size:50px}.elementor-widget-text-editor .elementor-drop-cap-letter{display:inline-block}<\/style>\t\t\t\t<h2>DATE JUDE\u021aULUI CARE COMPONEAZ\u0102 EUROREGIONUL DKMT<\/h2><p>Judetul Arad (Romania):<br \/>Suprafata: 7652 km2<br \/>Popula\u021bie: 458.000 de oameni<br \/>Mai mult de \u0219aizeci la sut\u0103 din agricultura sa avansat\u0103 este caracterizat\u0103 de cre\u0219terea animalelor. De aceasta este legat\u0103 \u0219i o industrie alimentar\u0103 relativ dezvoltat\u0103. Cele mai importante industrii ale sale sunt fabricarea de ma\u0219ini \u0219i prelucrarea metalelor, industria textil\u0103 \u0219i chimic\u0103.<\/p><p>jude\u021bul B\u00e1cs-Kiskun (Ungaria):<br \/>Suprafata: 8362 km2<br \/>Popula\u021bie: 536 mii persoane<br \/>Jude\u021bul, care a devenit cunoscut \u00een primul r\u00e2nd pentru agricultur\u0103, struguri, fructe \u0219i legume, s-a dezvoltat \u00een ultimele decenii \u00een centrul comercial al regiunii Dun\u0103re-Tisa.<\/p><p>Jude\u021bul Csongr\u00e1d (Ungaria):<br \/>Suprafata: 4263 km2<br \/>Popula\u021bie: 424 mii persoane<br \/>Este centrul regiunii Marii C\u00e2mpii de Sud. La Szeged a fost creat\u0103 o industrie alimentar\u0103 avansat\u0103 pentru produc\u021bia agricol\u0103 din zon\u0103. Pe l\u00e2ng\u0103 produc\u021bia de salam de renume mondial, este cunoscut \u0219i pentru produc\u021bia \u0219i procesarea boia de ardei. \u00cen regiune, produc\u021bia de legume de prim\u0103 calitate \u0219i procesarea avansat\u0103 a p\u0103s\u0103rilor au loc \u00een Szentesen, produc\u021bia de ceap\u0103 \u00een Mak\u00f3n \u0219i produc\u021bia de por\u021belan \u0219i la scar\u0103 \u00een H\u00f3dmez\u0151v\u00e1s\u00e1rhely.<\/p><p>Jude\u021bul Krass\u00f3-Sz\u00f6r\u00e9ny (Rom\u00e2nia):<br \/>Suprafata: 8514 km2<br \/>Popula\u021bie: 331 mii persoane<br \/>Este unul dintre cele mai \u00eemp\u0103durite jude\u021be din Rom\u00e2nia, situat \u00een partea de sud-vest a \u021b\u0103rii. 65,4 la sut\u0103 din jude\u021b este alc\u0103tuit din zone muntoase. Pe l\u00e2ng\u0103 dezvoltarea sa tradi\u021bional\u0103 agricol\u0103 \u0219i tehnologic\u0103, este unul dintre cele mai vechi centre ale siderurgiei din Rom\u00e2nia. Num\u0103rul semnificativ de izvoare termale a permis dezvoltarea medicinei avansate.<\/p><p>Judetul Temes (Romania):<br \/>Suprafata: 8692 km2<br \/>Popula\u021bie: 661 mii persoane<br \/>Agricultura sa este remarcabil\u0103, pe l\u00e2ng\u0103 cultivarea culturilor, se caracterizeaz\u0103 prin cre\u0219terea avansat\u0103 a animalelor. Majoritatea sectoarelor industriei alimentare tradi\u021bionale prelucreaz\u0103 materii prime produse local.<\/p><p>Regiunea Autonom\u0103 Voivodina (Republica Serbia):<br \/>Suprafata: 21506 km2<br \/>Popula\u021bie: 2 milioane 032 mii persoane<br \/>Popula\u021bia sa, care se ocup\u0103 \u00een primul r\u00e2nd de produc\u021bia agricol\u0103, produce gr\u00e2u, porumb, sfecl\u0103 de zah\u0103r, canola, floarea soarelui, c\u00e2nep\u0103 \u0219i hamei. Regiunea agricol\u0103 dezvoltat\u0103 a atras o industrie alimentar\u0103 semnificativ\u0103.<\/p>\t\t\t\t\t\t<\/div>\n\t\t\t\t<\/div>\n\t\t\t\t\t<\/div>\n\t\t<\/div>\n\t\t\t\t\t\t\t<\/div>\n\t\t<\/section>\n\t\t\t\t\t\t\t<\/div>","protected":false},"excerpt":{"rendered":"<p>A DKMT EUROR\u00c9GI\u00d3T ALKOT\u00d3 MEGY\u00c9K ADATAI Arad megye (Rom\u00e1nia):Ter\u00fclete: 7652 km2Lakoss\u00e1ga: 458 ezer f\u0151Fejlett mez\u0151gazdas\u00e1g\u00e1t t\u00f6bb mint hatvan sz\u00e1zal\u00e9kban \u00e1llatteny\u00e9szt\u00e9s jellemzi. Ehhez viszonylag fejlett \u00e9lelmiszeripar is kapcsol\u00f3dik. Fontosabb ipar\u00e1gai a g\u00e9pgy\u00e1rt\u00e1s \u00e9s f\u00e9mfeldolgoz\u00e1s, a textil- \u00e9s a vegyipar. B\u00e1cs-Kiskun megye (Magyarorsz\u00e1g):Ter\u00fclete: 8362 km2Lakoss\u00e1ga: 536 ezer f\u0151Az els\u0151sorban mez\u0151gazdas\u00e1g\u00e1r\u00f3l, sz\u0151l\u0151-, gy\u00fcm\u00f6lcs- \u00e9s z\u00f6lds\u00e9gkult\u00far\u00e1j\u00e1r\u00f3l ismertt\u00e9 v\u00e1lt megye [&hellip;]<\/p>","protected":false},"author":3,"featured_media":0,"parent":0,"menu_order":0,"comment_status":"closed","ping_status":"closed","template":"","meta":{"inline_featured_image":false,"_links_to":"","_links_to_target":""},"_links":{"self":[{"href":"https:\/\/dkmt.net\/ro\/wp-json\/wp\/v2\/pages\/478"}],"collection":[{"href":"https:\/\/dkmt.net\/ro\/wp-json\/wp\/v2\/pages"}],"about":[{"href":"https:\/\/dkmt.net\/ro\/wp-json\/wp\/v2\/types\/page"}],"author":[{"embeddable":true,"href":"https:\/\/dkmt.net\/ro\/wp-json\/wp\/v2\/users\/3"}],"replies":[{"embeddable":true,"href":"https:\/\/dkmt.net\/ro\/wp-json\/wp\/v2\/comments?post=478"}],"version-history":[{"count":0,"href":"https:\/\/dkmt.net\/ro\/wp-json\/wp\/v2\/pages\/478\/revisions"}],"wp:attachment":[{"href":"https:\/\/dkmt.net\/ro\/wp-json\/wp\/v2\/media?parent=478"}],"curies":[{"name":"wp","href":"https:\/\/api.w.org\/{rel}","templated":true}]}}