{"id":477,"date":"2022-04-11T21:55:54","date_gmt":"2022-04-11T21:55:54","guid":{"rendered":"https:\/\/dkmt.net\/?page_id=477"},"modified":"2023-02-23T09:37:05","modified_gmt":"2023-02-23T09:37:05","slug":"tagmegyek","status":"publish","type":"page","link":"https:\/\/dkmt.net\/ro\/tagmegyek\/","title":{"rendered":"Jude\u0163ele membre"},"content":{"rendered":"<div data-elementor-type=\"wp-page\" data-elementor-id=\"477\" class=\"elementor elementor-477\">\n\t\t\t\t\t\t\t\t\t<section class=\"elementor-section elementor-top-section elementor-element elementor-element-8cc02aa elementor-section-boxed elementor-section-height-default elementor-section-height-default\" data-id=\"8cc02aa\" data-element_type=\"section\" data-settings=\"{&quot;jet_parallax_layout_list&quot;:[]}\">\n\t\t\t\t\t\t<div class=\"elementor-container elementor-column-gap-default\">\n\t\t\t\t\t<div class=\"elementor-column elementor-col-100 elementor-top-column elementor-element elementor-element-749d673\" data-id=\"749d673\" data-element_type=\"column\">\n\t\t\t<div class=\"elementor-widget-wrap elementor-element-populated\">\n\t\t\t\t\t\t\t\t<div class=\"elementor-element elementor-element-d28de85 elementor-widget elementor-widget-text-editor\" data-id=\"d28de85\" data-element_type=\"widget\" data-widget_type=\"text-editor.default\">\n\t\t\t\t<div class=\"elementor-widget-container\">\n\t\t\t<style>\/*! elementor - v3.12.1 - 02-04-2023 *\/\n.elementor-widget-text-editor.elementor-drop-cap-view-stacked .elementor-drop-cap{background-color:#69727d;color:#fff}.elementor-widget-text-editor.elementor-drop-cap-view-framed .elementor-drop-cap{color:#69727d;border:3px solid;background-color:transparent}.elementor-widget-text-editor:not(.elementor-drop-cap-view-default) .elementor-drop-cap{margin-top:8px}.elementor-widget-text-editor:not(.elementor-drop-cap-view-default) .elementor-drop-cap-letter{width:1em;height:1em}.elementor-widget-text-editor .elementor-drop-cap{float:left;text-align:center;line-height:1;font-size:50px}.elementor-widget-text-editor .elementor-drop-cap-letter{display:inline-block}<\/style>\t\t\t\t<h2 style=\"text-align: left;\" align=\"center\"><strong>Jude\u0163ele membre<\/strong><\/h2><p><strong><span lang=\"RO\">Jude\u0163ul Arad:<br \/><\/span><\/strong><span lang=\"RO\">Consiliul Jude\u0163ean Arad, Str. Corneliu Coposu nr. 22,  310003-Arad, Rom\u00e2nia<br \/>Telefon: (+40-257) 281-660, 281-830<br \/>Fax: (+40-257) 250-170<\/span> <br \/><span style=\"color: #003399;\"><strong><em><span lang=\"RO\"><a style=\"color: #003399;\" href=\"http:\/\/www.cjarad.ro\/\">www.cjarad.ro<\/a><\/span><\/em><\/strong><\/span><\/p><p><iframe style=\"border: 0;\" src=\"https:\/\/www.google.com\/maps\/embed?pb=!1m18!1m12!1m3!1d352879.143812109!2d21.44484796685464!3d46.29259033801338!2m3!1f0!2f0!3f0!3m2!1i1024!2i768!4f13.1!3m3!1m2!1s0x4745984ba35c59c3%3A0xc4b591faab3bd82d!2sArad%20megye%2C%20Rom%C3%A1nia!5e0!3m2!1shu!2shu!4v1666210751576!5m2!1shu!2shu\" width=\"600\" height=\"450\" allowfullscreen=\"allowfullscreen\"><\/iframe><\/p><p><strong>Jude\u0163ul B\u00e1cs-Kiskun:<\/strong> <br \/>Adunarea General\u0103 a Jude\u0163ului B\u00e1cs-Kiskun, 6000 Kecskem\u00e9t, De\u00e1k Ferenc t\u00e9r 3. Ungaria <br \/>Telefon: (+36-76) 513-802 <br \/>Fax: (+36-76) 513-811 <strong><span style=\"color: #003399;\"><br \/><a style=\"color: #003399;\" href=\"http:\/\/www.bacskiskun.hu\/\">www.bacskiskun.hu<\/a><\/span><\/strong><\/p><p><iframe style=\"border: 0;\" src=\"https:\/\/www.google.com\/maps\/embed?pb=!1m18!1m12!1m3!1d702903.9396075661!2d18.297559990587672!3d46.5136820474233!2m3!1f0!2f0!3f0!3m2!1i1024!2i768!4f13.1!3m3!1m2!1s0x47422166b671ed4d%3A0xbc261ddcb9ed8e4e!2sB%C3%A1cs-Kiskun!5e0!3m2!1shu!2shu!4v1666210804561!5m2!1shu!2shu\" width=\"600\" height=\"450\" allowfullscreen=\"allowfullscreen\"><\/iframe><\/p><p><strong>Jude\u0163ul Csongr\u00e1d:<\/strong> <br \/>Adunarea General\u0103 a Jude\u0163ului Csongr\u00e1d, 6741 Szeged, R\u00e1k\u00f3czi t\u00e9r 1. Ungaria <br \/>Telefon: (+36-62) 566-002 <br \/>\u0444\u0430\u043a\u0441: (+36-62) 420-080 <strong><span style=\"color: #003399;\"><br \/><a style=\"color: #003399;\" href=\"http:\/\/www.csongrad-megye.hu\/\">www.csongrad-megye.hu<\/a><\/span><\/strong><\/p><p><iframe style=\"border: 0;\" src=\"https:\/\/www.google.com\/maps\/embed?pb=!1m18!1m12!1m3!1d351776.09639980923!2d19.926707348900198!3d46.46354093650497!2m3!1f0!2f0!3f0!3m2!1i1024!2i768!4f13.1!3m3!1m2!1s0x4743799f0d6779d3%3A0x5570e3c6c94f6869!2zQ3Nvbmdyw6Fk!5e0!3m2!1shu!2shu!4v1666210857809!5m2!1shu!2shu\" width=\"600\" height=\"450\" allowfullscreen=\"allowfullscreen\"><\/iframe><\/p><p><strong>Jude\u0163ul Cara\u015f-Severin<\/strong> <br \/>Consiliul Jude\u0163ean Cara\u015f-Severin, <span lang=\"RO\">Pia\u0163a 1 Decembrie 1918 nr. 1, 320084-Re\u015fi\u0163a, Rom\u00e2nia<\/span> <br \/>Telefon: (+40-55) 211-420 <br \/>Fax: (+40-55) 211-127 <strong><span style=\"color: #003399;\"><br \/><a style=\"color: #003399;\" href=\"http:\/\/www.cjcs.ro\/\">www.cjcs.ro<\/a><\/span><\/strong><\/p><p><iframe style=\"border: 0;\" src=\"https:\/\/www.google.com\/maps\/embed?pb=!1m18!1m12!1m3!1d720669.66819445!2d20.882287270977262!3d45.12398727931604!2m3!1f0!2f0!3f0!3m2!1i1024!2i768!4f13.1!3m3!1m2!1s0x475100a928aa6e2d%3A0x139a799ad82c3987!2zS3Jhc3PDsy1TesO2csOpbnksIFJvbcOhbmlh!5e0!3m2!1shu!2shu!4v1666210881664!5m2!1shu!2shu\" width=\"600\" height=\"450\" allowfullscreen=\"allowfullscreen\"><\/iframe><\/p><p><strong>Jude\u0163ul Timi\u015f:<\/strong> <br \/>Consiliul Jude\u0163ean Timi\u015f, Bd. Revolu\u0163iei din 1989, nr. 17, 300034<span lang=\"RO\">Timisoara<\/span>, Rom\u00e2nia <br \/>Telefon: (+40-256)<span lang=\"RO\">406-323, 406-336<\/span> <br \/>Fax: (+40-256) 406-301 <span style=\"color: #003399;\"><strong><br \/><a style=\"color: #003399;\" href=\"http:\/\/www.cjtimis.ro\/\">www.cjtimis.ro<\/a><\/strong><\/span><\/p><p><iframe style=\"border: 0;\" src=\"https:\/\/www.google.com\/maps\/embed?pb=!1m18!1m12!1m3!1d713490.5085019142!2d20.843552431878972!3d45.689521075418405!2m3!1f0!2f0!3f0!3m2!1i1024!2i768!4f13.1!3m3!1m2!1s0x4745677dcb0fb5a7%3A0xd16555de1a3a3a2c!2sTemes%20megye%2C%20Rom%C3%A1nia!5e0!3m2!1shu!2shu!4v1666210909023!5m2!1shu!2shu\" width=\"600\" height=\"450\" allowfullscreen=\"allowfullscreen\"><\/iframe><\/p><p><strong>Provincia Autonom\u0103 Voivodina:<\/strong> <br \/>Guvernul Provinciei Autonome Voivodina\nBul. Mihajla Pupina 16. 21000. Novi Sad, Republica Serbia <br \/>Telefon: (+381-21) 422-368, 423-935 <br \/>Fax: (+381-21) 422-496 <span style=\"color: #003399;\"><strong><span lang=\"RO\"><br \/><a style=\"color: #003399;\" href=\"http:\/\/www.skupstinavojvodine.sr.gov.yu\/\">www.vojvodina.gov.rs<\/a><\/span><\/strong><\/span><\/p><p><iframe style=\"border: 0;\" src=\"https:\/\/www.google.com\/maps\/embed?pb=!1m18!1m12!1m3!1d717060.5043405744!2d19.64662028403388!3d45.408984764924675!2m3!1f0!2f0!3f0!3m2!1i1024!2i768!4f13.1!3m3!1m2!1s0x474366cc5f15a7c1%3A0x770b4cc42568628f!2sVajdas%C3%A1g%2C%20Szerbia!5e0!3m2!1shu!2shu!4v1666211014691!5m2!1shu!2shu\" width=\"600\" height=\"450\" allowfullscreen=\"allowfullscreen\"><\/iframe><\/p>\t\t\t\t\t\t<\/div>\n\t\t\t\t<\/div>\n\t\t\t\t\t<\/div>\n\t\t<\/div>\n\t\t\t\t\t\t\t<\/div>\n\t\t<\/section>\n\t\t\t\t\t\t\t<\/div>","protected":false},"excerpt":{"rendered":"<p>A DKMT EUROR\u00c9GI\u00d3T ALKOT\u00d3 MEGY\u00c9K Arad megye:Arad Megyei Tan\u00e1cs Str. Corneliu Coposu, nr. 22,\u00a0\u00a0310003 Arad, RomaniaTelefon: (+40-257) 281-660, 281-830Fax: (+40-257) 250-170 www.cjarad.ro B\u00e1cs-Kiskun megye: B\u00e1cs-Kiskun Megyei K\u00f6zgy\u0171l\u00e9s 6000 Kecskem\u00e9t, De\u00e1k Ferenc t\u00e9r 3. Magyarorsz\u00e1g Telefon: (+36-76) 513-802 Fax: (+36-76) 513-811 www.bacskiskun.hu Csongr\u00e1d-Csan\u00e1d megye: Csongr\u00e1d Megyei K\u00f6zgy\u0171l\u00e9s 6741 Szeged, R\u00e1k\u00f3czi t\u00e9r 1. Magyarorsz\u00e1g Telefon: (+36-62) 566-002 [&hellip;]<\/p>","protected":false},"author":3,"featured_media":0,"parent":0,"menu_order":0,"comment_status":"closed","ping_status":"closed","template":"","meta":{"inline_featured_image":false,"_links_to":"","_links_to_target":""},"_links":{"self":[{"href":"https:\/\/dkmt.net\/ro\/wp-json\/wp\/v2\/pages\/477"}],"collection":[{"href":"https:\/\/dkmt.net\/ro\/wp-json\/wp\/v2\/pages"}],"about":[{"href":"https:\/\/dkmt.net\/ro\/wp-json\/wp\/v2\/types\/page"}],"author":[{"embeddable":true,"href":"https:\/\/dkmt.net\/ro\/wp-json\/wp\/v2\/users\/3"}],"replies":[{"embeddable":true,"href":"https:\/\/dkmt.net\/ro\/wp-json\/wp\/v2\/comments?post=477"}],"version-history":[{"count":0,"href":"https:\/\/dkmt.net\/ro\/wp-json\/wp\/v2\/pages\/477\/revisions"}],"wp:attachment":[{"href":"https:\/\/dkmt.net\/ro\/wp-json\/wp\/v2\/media?parent=477"}],"curies":[{"name":"wp","href":"https:\/\/api.w.org\/{rel}","templated":true}]}}