{"id":475,"date":"2022-04-11T21:55:54","date_gmt":"2022-04-11T21:55:54","guid":{"rendered":"https:\/\/dkmt.net\/?page_id=475"},"modified":"2023-04-05T17:16:33","modified_gmt":"2023-04-05T17:16:33","slug":"rolunk","status":"publish","type":"page","link":"https:\/\/dkmt.net\/ro\/rolunk\/","title":{"rendered":"Despre noi"},"content":{"rendered":"<div data-elementor-type=\"wp-page\" data-elementor-id=\"475\" class=\"elementor elementor-475\">\n\t\t\t\t\t\t\t\t\t<section class=\"elementor-section elementor-top-section elementor-element elementor-element-1cb8fde elementor-section-boxed elementor-section-height-default elementor-section-height-default\" data-id=\"1cb8fde\" data-element_type=\"section\" data-settings=\"{&quot;jet_parallax_layout_list&quot;:[]}\">\n\t\t\t\t\t\t<div class=\"elementor-container elementor-column-gap-default\">\n\t\t\t\t\t<div class=\"elementor-column elementor-col-100 elementor-top-column elementor-element elementor-element-5a02045\" data-id=\"5a02045\" data-element_type=\"column\">\n\t\t\t<div class=\"elementor-widget-wrap elementor-element-populated\">\n\t\t\t\t\t\t\t\t<div class=\"elementor-element elementor-element-ac25be3 elementor-widget elementor-widget-text-editor\" data-id=\"ac25be3\" data-element_type=\"widget\" data-widget_type=\"text-editor.default\">\n\t\t\t\t<div class=\"elementor-widget-container\">\n\t\t\t<style>\/*! elementor - v3.12.1 - 02-04-2023 *\/\n.elementor-widget-text-editor.elementor-drop-cap-view-stacked .elementor-drop-cap{background-color:#69727d;color:#fff}.elementor-widget-text-editor.elementor-drop-cap-view-framed .elementor-drop-cap{color:#69727d;border:3px solid;background-color:transparent}.elementor-widget-text-editor:not(.elementor-drop-cap-view-default) .elementor-drop-cap{margin-top:8px}.elementor-widget-text-editor:not(.elementor-drop-cap-view-default) .elementor-drop-cap-letter{width:1em;height:1em}.elementor-widget-text-editor .elementor-drop-cap{float:left;text-align:center;line-height:1;font-size:50px}.elementor-widget-text-editor .elementor-drop-cap-letter{display:inline-block}<\/style>\t\t\t\t<h1><strong>Cooperarea Regional\u0103 Dun\u0103re-K\u00f6r\u00f6s-Maros-Tisa<\/strong><\/h1><p>Organiza\u021bia a fost \u00eenfiin\u021bat\u0103 la 21 noiembrie 1997 la Szeged. Denumirea folosit\u0103 \u00een mod obi\u0219nuit: Euroregiune DKMT<\/p><p>Membri actuali: jude\u021bele B\u00e1cs-Kiskun \u0219i Csongr\u00e1d-Csan\u00e1d (Ungaria)<\/p><p>jude\u021bele Arad, Krass\u00f3-Sz\u00f6r\u00e9ny \u0219i Temes (Rom\u00e2nia)<\/p><p>Provincia Autonom\u0103 Voivodina (Serbia)<\/p><p>Popula\u021bie: 4 milioane de oameni<\/p><p>Obiectivele cooper\u0103rii stabilite de c\u0103tre semnatari se refer\u0103 la dezvoltarea \u015fi l\u0103rgirea colabor\u0103rii \u00eentre comunit\u0103\u0163ile \u015fi autorit\u0103\u0163ile locale \u00een domenii ca economia, educa\u0163ia, cultura, \u015ftiin\u0163ele \u015fi sportul \u2013 sprijinind astfel regiunea \u00een procesul de integrare european\u0103.<\/p><p>Adunarea general\u0103 este principalul organ de decizie a Cooper\u0103rii Regionale DKMT. Adunarea general\u0103 este format\u0103 din conduc\u0103torii institu\u0163iilor administrative din regiune, \u015fi este organul de preg\u0103tire, coordonare \u015fi de decizie strategic\u0103 a cooper\u0103rii. La \u015fedin\u0163ele adun\u0103rii particip\u0103 membrii cu drepturi depline ai adun\u0103rii generale (membrii fondatori \u015fi membrii asocia\u0163i), respectiv ceilal\u0163i participan\u0163i (invita\u0163i permanen\u0163i \u015fi ocazionali). \u00cen fiecare an, la ultimul sf\u00e2r\u015fit de s\u0103pt\u0103m\u00e2n\u0103 din luna mai, la obeliscul Triplex Confinium, aflat la punctul de \u00eent\u00e2lnire a grani\u0163elor dintre Ungaria, Rom\u00e2nia \u015fi Serbia, se organizeaz\u0103 Zilele Euroregiunii DKMT. Cu aceast\u0103 ocazie, temporar, se deschid frontierele \u015fi, de regul\u0103, se \u00eentrune\u015fte adunarea general\u0103.<\/p><p>Pre\u015fedintele \u00een exerci\u0163iu este ales de c\u0103tre adunarea general\u0103 pe o durat\u0103 de un an din r\u00e2ndul pre\u015fedin\u0163ilor organiza\u0163iilor membre. Pre\u015fedintele \u00een exerci\u0163iu nu poate fi ales de dou\u0103 ori consecutiv, iar la alegerea pre\u015fedintelui va trebui avut \u00een vedere \u015fi rota\u0163ia dintre \u0163\u0103ri. \u00cen perioada dintre dou\u0103 adun\u0103ri generale organiza\u0163ia este condus\u0103 de c\u0103tre pre\u015fedinte, el coordoneaz\u0103 activitatea secretariatului, \u00eentocme\u015fte un raport anual despre activit\u0103\u0163ile Cooper\u0103rii \u015fi despre modul de executare a hot\u0103r\u00e2rilor adun\u0103rii generale. Pre\u015fedintele \u00een exerci\u0163iu convoac\u0103 adunarea general\u0103 \u015fi conduce \u015fedin\u0163ele acesteia.<\/p><p>Sarcina secretariatului este munca administrativ\u0103: men\u021bine contactul constant cu regiunile membre, contribuie la preg\u0103tirea documentelor de lucru, ini\u021biaz\u0103 \u0219i organizeaz\u0103 evenimente comune, monitorizeaz\u0103 programele Uniunii Europene, preg\u0103te\u0219te licita\u021bii pe baza deciziei adun\u0103rii generale. \u0219i implementeaz\u0103 proiecte. Sediul secretariatului este sediul administrativ al actualului presedinte. Secretariatul are trei membri delega\u021bi - maghiari, rom\u00e2ni \u0219i s\u00e2rbi.<\/p><p>Compania de Utilitate Public\u0103 Agen\u021bia Euroregional\u0103 de Dezvoltare Dun\u0103re-K\u00f6r\u00f6s-Maros-Tisa a fost \u00eenfiin\u021bat\u0103 la 24 mai 2003 de c\u0103tre adunarea general\u0103. Membrii fondatori ai adun\u0103rii generale au \u00eenfiin\u021bat societatea nonprofit \u00een vederea realiz\u0103rii obiectivelor de dezvoltare stabilite \u00een documentul de \u00eenfiin\u021bare a Cooper\u0103rii Regionale Duna-K\u00f6r\u00f6s-Maros-Tisa. Cu acest pas, pe l\u00e2ng\u0103 organizarea politic\u0103 a cooper\u0103rii regionale, a fost creat\u0103 o asocia\u021bie de afaceri cu personalitate juridic\u0103, care este potrivit\u0103 pentru preg\u0103tirea sarcinilor comune de dezvoltare, preg\u0103tirea licita\u021biilor, gestionarea \u0219i implementarea proiectelor. \u00cen prezent non-profit Ltd. func\u021bioneaz\u0103 sub denumirea de Agen\u021bia de Dezvoltare Euroregional\u0103 DKMT Duna-K\u00f6r\u00f6s-Maros-Tisza - Nonprofit K\u00f6zhaszn\u00fa Kft.<\/p><p>Cooperarea joac\u0103, de asemenea, un rol \u00een organiza\u021biile interna\u021bionale, Euroregiunea DKMT este membr\u0103 a Asocia\u021biei Regiunilor de Frontier\u0103 Europene (AEBR), Anna Cs\u00f3k\u00e1si Eszter, director general al DKMT Nonprofit K\u00f6zhhaszn\u00fa Kft., este membr\u0103 a pre\u0219edin\u021biei AEBR.<\/p>\t\t\t\t\t\t<\/div>\n\t\t\t\t<\/div>\n\t\t\t\t\t<\/div>\n\t\t<\/div>\n\t\t\t\t\t\t\t<\/div>\n\t\t<\/section>\n\t\t\t\t\t\t\t<\/div>","protected":false},"excerpt":{"rendered":"<p>A Duna-K\u00f6r\u00f6s-Maros-Tisza Region\u00e1lis Egy\u00fcttm\u0171k\u00f6d\u00e9s A szervezet 1997. november 21-\u00e9n alakult Szegeden. A k\u00f6zhaszn\u00e1latban elterjedt neve: DKMT Euror\u00e9gi\u00f3 Jelenlegi tagjai: B\u00e1cs-Kiskun \u00e9s Csongr\u00e1d-Csan\u00e1d v\u00e1rmegye (Magyarorsz\u00e1g) Arad, Krass\u00f3-Sz\u00f6r\u00e9ny \u00e9s Temes megye (Rom\u00e1nia) Vajdas\u00e1g Auton\u00f3m Tartom\u00e1ny (Szerbia) Lakoss\u00e1ga: 4 milli\u00f3 f\u0151 Az egy\u00fcttm\u0171k\u00f6d\u00e9s c\u00e9lj\u00e1t az al\u00e1\u00edr\u00f3k \u00fagy hat\u00e1rozt\u00e1k meg, hogy az fejlessze \u00e9s sz\u00e9les\u00edtse a helyi k\u00f6z\u00f6ss\u00e9gek \u00e9s [&hellip;]<\/p>","protected":false},"author":3,"featured_media":0,"parent":0,"menu_order":0,"comment_status":"closed","ping_status":"closed","template":"","meta":{"inline_featured_image":false,"_links_to":"","_links_to_target":""},"_links":{"self":[{"href":"https:\/\/dkmt.net\/ro\/wp-json\/wp\/v2\/pages\/475"}],"collection":[{"href":"https:\/\/dkmt.net\/ro\/wp-json\/wp\/v2\/pages"}],"about":[{"href":"https:\/\/dkmt.net\/ro\/wp-json\/wp\/v2\/types\/page"}],"author":[{"embeddable":true,"href":"https:\/\/dkmt.net\/ro\/wp-json\/wp\/v2\/users\/3"}],"replies":[{"embeddable":true,"href":"https:\/\/dkmt.net\/ro\/wp-json\/wp\/v2\/comments?post=475"}],"version-history":[{"count":0,"href":"https:\/\/dkmt.net\/ro\/wp-json\/wp\/v2\/pages\/475\/revisions"}],"wp:attachment":[{"href":"https:\/\/dkmt.net\/ro\/wp-json\/wp\/v2\/media?parent=475"}],"curies":[{"name":"wp","href":"https:\/\/api.w.org\/{rel}","templated":true}]}}