{"id":388,"date":"2022-04-10T19:52:51","date_gmt":"2022-04-10T19:52:51","guid":{"rendered":"https:\/\/dkmt.net\/?page_id=388"},"modified":"2023-04-14T12:57:40","modified_gmt":"2023-04-14T10:57:40","slug":"kozgyules","status":"publish","type":"page","link":"https:\/\/dkmt.net\/ro\/kozgyules\/","title":{"rendered":"Adunarea General\u0103"},"content":{"rendered":"<div data-elementor-type=\"wp-page\" data-elementor-id=\"388\" class=\"elementor elementor-388\">\n\t\t\t\t\t\t\t\t\t<section class=\"elementor-section elementor-top-section elementor-element elementor-element-4231f79 elementor-section-boxed elementor-section-height-default elementor-section-height-default\" data-id=\"4231f79\" data-element_type=\"section\" data-settings=\"{&quot;jet_parallax_layout_list&quot;:[]}\">\n\t\t\t\t\t\t<div class=\"elementor-container elementor-column-gap-default\">\n\t\t\t\t\t<div class=\"elementor-column elementor-col-100 elementor-top-column elementor-element elementor-element-b5a1389\" data-id=\"b5a1389\" data-element_type=\"column\">\n\t\t\t<div class=\"elementor-widget-wrap elementor-element-populated\">\n\t\t\t\t\t\t\t\t<div class=\"elementor-element elementor-element-92ac90b elementor-widget elementor-widget-text-editor\" data-id=\"92ac90b\" data-element_type=\"widget\" data-widget_type=\"text-editor.default\">\n\t\t\t\t<div class=\"elementor-widget-container\">\n\t\t\t<style>\/*! elementor - v3.12.1 - 02-04-2023 *\/\n.elementor-widget-text-editor.elementor-drop-cap-view-stacked .elementor-drop-cap{background-color:#69727d;color:#fff}.elementor-widget-text-editor.elementor-drop-cap-view-framed .elementor-drop-cap{color:#69727d;border:3px solid;background-color:transparent}.elementor-widget-text-editor:not(.elementor-drop-cap-view-default) .elementor-drop-cap{margin-top:8px}.elementor-widget-text-editor:not(.elementor-drop-cap-view-default) .elementor-drop-cap-letter{width:1em;height:1em}.elementor-widget-text-editor .elementor-drop-cap{float:left;text-align:center;line-height:1;font-size:50px}.elementor-widget-text-editor .elementor-drop-cap-letter{display:inline-block}<\/style>\t\t\t\t<h1 align=\"center\"><strong>MEMBRII Adun\u0103rii<\/strong><\/h1><p><strong>Serbia<\/strong><\/p><p>Autonomna Pokrajina Vojvodina (provincia autonom\u0103 Voivodina)<br \/>SRB - 21000 Novi Sad, Bul. Mihaila Pupina 16.<br \/><a href=\"http:\/\/www.vojvodina.sr.gov.yu\">www.vojvodina.sr.gov.yu<\/a><\/p><p>Ora\u0219ul Subotica<\/p><p>SRB \u2013 24000 Subotica, Trg slobode 1.<br \/><a href=\"http:\/\/www.subotica.co.yu\">www.subotica.co.yu<\/a><\/p><p>Privredna Komora Vojvodine (Camera de Comer\u021b a Voivodinei)<br \/>SRB \u2013 21000 Novi Sad, Hajduk Veljkova 11.<br \/><a href=\"http:\/\/www.pkv.co.yu\">www.pkv.co.yu<\/a><\/p><p>Univerzitet u Novi Sadu (Universitatea din Novi Sadu)<br \/>SRB - 21000 Novi Sad, Trg. Dositeja Obradovica 5.<br \/><a href=\"http:\/\/www.ns.ac.yu\">www.ns.ac.yu<\/a><\/p><p><strong>Rom\u00e2nia<\/strong><\/p><p>Consiliul Judetean Hunedoara (Consiliul Judetean Hunyad)<br \/>RO \u2013 330025-Deva Str. 1 Decembrie 1918 nr. 28.<br \/><a href=\"http:\/\/www.cjhunedoara.ro\">www.cjhunedoara.ro<\/a><\/p><p>Consiliul Jude\u021bean Arad (Consiliul Jude\u021bean Arad)<br \/>RO -310003 Arad; Str. Corneliu Coposu nr. 22.<br \/><a href=\"http:\/\/www.cjarad.ro\">www.cjarad.ro<\/a><\/p><p>Consiliul Jude\u021bean Cara\u0219-Severin (Consiliul Jude\u021bean Krass\u00f3-Sz\u00f6r\u00e9ny)<br \/>RO \u2013 320084-Re\u015fi\u0163a, Pia\u0163a 1 Decembrie 1918 nr. 1.<br \/><a href=\"http:\/\/www.cjcs.ro\">www.cjcs.ro<\/a><\/p><p>Consiliul Jude\u0163ean Timi\u015f (Consiliul Jude\u0163ean Timi\u015f)<br \/>RO \u2013 300034- Timi\u015foara, Bl. Revolu\u0163iei din 1989, nr. 17.<br \/><a href=\"http:\/\/www.cjtimis.ro\">www.cjtimis.ro<\/a><\/p><p>Camera de Comer\u021b, Industrie \u0219i Agricultura Timi\u0219oara<br \/>(Camera de Comer\u021b, Industrie \u0219i Agricultur\u0103 Temesv\u00e1ri)<br \/>RO \u2013 300030-Timi\u015foara, Pia\u0163a Victoriei nr. 3.<br \/><a href=\"http:\/\/www.cciat.ro\">www.cciat.ro<\/a><\/p><p>Universitatea de Vest din Timi\u015foara (Universitatea de Vest din Timi\u015foara)<br \/>RO \u2013 300223-Timi\u015foara, Bd. Vasile P\u00e2rvan nr. 4.<br \/><a href=\"http:\/\/www.uvt.ro\">www.uvt.ro<\/a><\/p><p><strong>Ungaria<\/strong><\/p><p>Municipiul Jude\u021bean B\u00e1cs-Kiskun<br \/>HU \u2013 6000 Kecskem\u00e9t, De\u00e1k Ferenc t\u00e9r 3.<br \/><a href=\"http:\/\/www.bacskiskun.hu\">www.bacskiskun.hu<\/a><\/p><p>Csongr\u00e1d-Municipiul Jude\u021bean Csan\u00e1d<br \/>HU \u2013 6741 Szeged, R\u00e1k\u00f3czi t\u00e9r 1.<br \/><a href=\"http:\/\/www.csongrad-megye.hu\">www.csongrad-megye.hu<\/a><\/p><p>Ora\u0219ul jude\u021bului B\u00e9k\u00e9scsaba<br \/>HU \u2013 5600 B\u00e9k\u00e9scsaba, Szent Istv\u00e1n t\u00e9r 7.<br \/><a href=\"http:\/\/www.bekescsaba.hu\">www.bekescsaba.hu<\/a><\/p><p>Ora\u0219ul jude\u021bului Szeged<br \/>HU \u2013 6720 Szeged, Sz\u00e9chenyi t\u00e9r 10\/11<br \/><a href=\"http:\/\/www.szegedvaros.hu\">www.szegedvaros.hu<\/a><\/p><p>Camera Jude\u021bean\u0103 de Comer\u021b \u0219i Industrie Csongr\u00e1d-Csan\u00e1d<br \/>HU \u2013 6721 Szeged, P\u00e1rizsi krt. 8-12.<br \/><a href=\"http:\/\/www.csmkik.hu\">www.csmkik.hu<\/a><\/p><p>Universitatea din Szeged<br \/>HU \u2013 6720 Szeged, Dugonics t\u00e9r 13.<br \/><a href=\"http:\/\/www.u-szeged.hu\">www.u-szeged.hu<\/a><\/p><p>Organiza\u021bii civile: 1 reprezentant comun<br \/>Asocia\u021bia Organiza\u021biilor Civile<br \/>HU \u2013 6724 Szeged, Esperant\u00f3 u. 1.<br \/>Casa comunitar\u0103<\/p><p>Sindicate: 1 reprezentant comun<br \/>MSZOSZ (Asocia\u021bia Na\u021bional\u0103 a Sindicatelor Maghiare)<br \/>HU \u2013 6720 Szeged, De\u00e1k Ferenc u. 22.<\/p><p>Organiza\u021bii de tineret: 1 reprezentant comun<br \/>Asocia\u021bia de Tineret a Euroregiunii DKMT<br \/>HU-6725 Szeged, Preacurat\u0103 Fecioar\u0103 Maria. 4.<br \/><a href=\"http:\/\/www.dkmt.org\">www.dkmt.org<\/a><\/p>\t\t\t\t\t\t<\/div>\n\t\t\t\t<\/div>\n\t\t\t\t\t<\/div>\n\t\t<\/div>\n\t\t\t\t\t\t\t<\/div>\n\t\t<\/section>\n\t\t\t\t\t\t\t<\/div>","protected":false},"excerpt":{"rendered":"<p>K\u00d6ZGY\u0170L\u00c9S TAGJAI Szerbia Autonomna Pokrajina Vojvodina (Vajdas\u00e1g Auton\u00f3m Tartom\u00e1ny)SRB &#8211; 21000 Novi Sad, Bul. Mihajla Pupina 16.www.vojvodina.sr.gov.yu Szabadka v\u00e1ros SRB &#8211; 24000 Subotica, Trg slobode 1.www.subotica.co.yu Privredna Komora Vojvodine (Vajdas\u00e1gi Gazdas\u00e1gi Kamara)SRB &#8211; 21000 Novi Sad, Hajduk Veljkova 11.www.pkv.co.yu Univerzitet u Novom Sadu (\u00dajvid\u00e9ki Egyetem)SRB &#8211; 21000 Novi Sad, Trg. Dositeja Obradovica 5.www.ns.ac.yu Romania Consiliul [&hellip;]<\/p>","protected":false},"author":3,"featured_media":0,"parent":0,"menu_order":0,"comment_status":"closed","ping_status":"closed","template":"","meta":{"inline_featured_image":false,"_links_to":"","_links_to_target":""},"_links":{"self":[{"href":"https:\/\/dkmt.net\/ro\/wp-json\/wp\/v2\/pages\/388"}],"collection":[{"href":"https:\/\/dkmt.net\/ro\/wp-json\/wp\/v2\/pages"}],"about":[{"href":"https:\/\/dkmt.net\/ro\/wp-json\/wp\/v2\/types\/page"}],"author":[{"embeddable":true,"href":"https:\/\/dkmt.net\/ro\/wp-json\/wp\/v2\/users\/3"}],"replies":[{"embeddable":true,"href":"https:\/\/dkmt.net\/ro\/wp-json\/wp\/v2\/comments?post=388"}],"version-history":[{"count":0,"href":"https:\/\/dkmt.net\/ro\/wp-json\/wp\/v2\/pages\/388\/revisions"}],"wp:attachment":[{"href":"https:\/\/dkmt.net\/ro\/wp-json\/wp\/v2\/media?parent=388"}],"curies":[{"name":"wp","href":"https:\/\/api.w.org\/{rel}","templated":true}]}}