{"id":475,"date":"2022-04-11T21:55:54","date_gmt":"2022-04-11T21:55:54","guid":{"rendered":"https:\/\/dkmt.net\/?page_id=475"},"modified":"2023-04-05T17:16:33","modified_gmt":"2023-04-05T17:16:33","slug":"rolunk","status":"publish","type":"page","link":"https:\/\/dkmt.net\/en\/rolunk\/","title":{"rendered":"About us"},"content":{"rendered":"<div data-elementor-type=\"wp-page\" data-elementor-id=\"475\" class=\"elementor elementor-475\">\n\t\t\t\t\t\t\t\t\t<section class=\"elementor-section elementor-top-section elementor-element elementor-element-1cb8fde elementor-section-boxed elementor-section-height-default elementor-section-height-default\" data-id=\"1cb8fde\" data-element_type=\"section\" data-settings=\"{&quot;jet_parallax_layout_list&quot;:[]}\">\n\t\t\t\t\t\t<div class=\"elementor-container elementor-column-gap-default\">\n\t\t\t\t\t<div class=\"elementor-column elementor-col-100 elementor-top-column elementor-element elementor-element-5a02045\" data-id=\"5a02045\" data-element_type=\"column\">\n\t\t\t<div class=\"elementor-widget-wrap elementor-element-populated\">\n\t\t\t\t\t\t\t\t<div class=\"elementor-element elementor-element-ac25be3 elementor-widget elementor-widget-text-editor\" data-id=\"ac25be3\" data-element_type=\"widget\" data-widget_type=\"text-editor.default\">\n\t\t\t\t<div class=\"elementor-widget-container\">\n\t\t\t<style>\/*! elementor - v3.12.1 - 02-04-2023 *\/\n.elementor-widget-text-editor.elementor-drop-cap-view-stacked .elementor-drop-cap{background-color:#69727d;color:#fff}.elementor-widget-text-editor.elementor-drop-cap-view-framed .elementor-drop-cap{color:#69727d;border:3px solid;background-color:transparent}.elementor-widget-text-editor:not(.elementor-drop-cap-view-default) .elementor-drop-cap{margin-top:8px}.elementor-widget-text-editor:not(.elementor-drop-cap-view-default) .elementor-drop-cap-letter{width:1em;height:1em}.elementor-widget-text-editor .elementor-drop-cap{float:left;text-align:center;line-height:1;font-size:50px}.elementor-widget-text-editor .elementor-drop-cap-letter{display:inline-block}<\/style>\t\t\t\t<h1><strong>The Danube-Red-Rhine-Maros-Tisza Regional Cooperation<\/strong><\/h1><p>The organisation was founded on 21 November 1997 in Szeged. The common name is DKMT Euroregion<\/p><p>Current members: the counties of B\u00e1cs-Kiskun and Csongr\u00e1d-Csan\u00e1d (Hungary)<\/p><p>Arad, Krass\u00f3-Sz\u00f6r\u00e9ny and Timis counties (Romania)<\/p><p>Vojvodina Autonomous Province (Serbia)<\/p><p>Population: 4 million<\/p><p>The aim of the cooperation has been defined by the signatories so that it should develop and broaden relationships among local communities and local governments in the field of economy, education, culture, science and sports \u2013 and help the region to join the process of the European integration.<\/p><p>The General Assembly is the main decision making body of the DKMT Regional Cooperation. The General Assembly consists of the leaders of the regional public administration institutions, and the preparatory, coordinating and strategic decision making body of the cooperation. The full power members of the General Assembly (founding members and associated members) and other participants (permanent and case-by-case guests) take part in its activities. The Day of the DKMT Euroregion is organised on the last weekend of May every year at the Triplex Confinium memorial at the Hungarian-Romanian-Serbian triplex border. At such times, borders are temporarily opened and the General Assembly usually has a meeting.<\/p><p>The president-in-office is elected by the General Assembly for one year from among the presidents of the member organisations. The president-in-office cannot be elected in two successive years, and the rotation among the countries has to be taken into account during the election. The president-in-office directs the organisation in the period between General Assemblies, he coordinates the activities of the Secretariat, he has the Annual Report drawn up about the activities of the Cooperation and the implementation of the decisions made by the General Assembly. The president-in-office summons the General Assembly and chairs its meetings.<\/p><p>The Secretariat is responsible for administrative tasks: it maintains permanent contact with the member regions, contributes to the preparation of working documents, initiates and organises joint events, monitors EU programmes, prepares proposals and implements projects, as decided by the General Assembly. The Secretariat shall be located at the administrative headquarters of the President-in-Office. The Secretariat has three delegates - Hungarian, Romanian and Serbian.<\/p><p>The Duna-K\u00f6r\u00f6s-Maros-Tisza Euroregional Development Agency Public Benefit Corporation was established by the General Assembly on 24 May 2003. The founding members of the General Assembly established the public benefit society in order to achieve the development objectives set out in the statutes of the Danube-Red-Rhine-Mars-Tisza Regional Cooperation. With this step, the political organisation of the regional cooperation has been complemented by a legal entity, which is capable of preparing joint development tasks, preparing tenders, managing and implementing projects. Currently, it operates as a non-profit limited liability company under the name DKMT Duna-K\u00f6r\u00f6s-Maros-Tisza Euroregional Development Agency - Non-profit Public Benefit Ltd.<\/p><p>The DKMT Euroregion is a member of the Association of European Border Regions (AEBR), and Anna Cs\u00f3k\u00e1si Eszter Cs\u00f3k\u00e1si, Managing Director of DKMT Nonprofit Public Benefit Ltd., is a member of the AEBR Board.<\/p>\t\t\t\t\t\t<\/div>\n\t\t\t\t<\/div>\n\t\t\t\t\t<\/div>\n\t\t<\/div>\n\t\t\t\t\t\t\t<\/div>\n\t\t<\/section>\n\t\t\t\t\t\t\t<\/div>","protected":false},"excerpt":{"rendered":"<p>A Duna-K\u00f6r\u00f6s-Maros-Tisza Region\u00e1lis Egy\u00fcttm\u0171k\u00f6d\u00e9s A szervezet 1997. november 21-\u00e9n alakult Szegeden. A k\u00f6zhaszn\u00e1latban elterjedt neve: DKMT Euror\u00e9gi\u00f3 Jelenlegi tagjai: B\u00e1cs-Kiskun \u00e9s Csongr\u00e1d-Csan\u00e1d v\u00e1rmegye (Magyarorsz\u00e1g) Arad, Krass\u00f3-Sz\u00f6r\u00e9ny \u00e9s Temes megye (Rom\u00e1nia) Vajdas\u00e1g Auton\u00f3m Tartom\u00e1ny (Szerbia) Lakoss\u00e1ga: 4 milli\u00f3 f\u0151 Az egy\u00fcttm\u0171k\u00f6d\u00e9s c\u00e9lj\u00e1t az al\u00e1\u00edr\u00f3k \u00fagy hat\u00e1rozt\u00e1k meg, hogy az fejlessze \u00e9s sz\u00e9les\u00edtse a helyi k\u00f6z\u00f6ss\u00e9gek \u00e9s [&hellip;]<\/p>","protected":false},"author":3,"featured_media":0,"parent":0,"menu_order":0,"comment_status":"closed","ping_status":"closed","template":"","meta":{"inline_featured_image":false,"_links_to":"","_links_to_target":""},"_links":{"self":[{"href":"https:\/\/dkmt.net\/en\/wp-json\/wp\/v2\/pages\/475"}],"collection":[{"href":"https:\/\/dkmt.net\/en\/wp-json\/wp\/v2\/pages"}],"about":[{"href":"https:\/\/dkmt.net\/en\/wp-json\/wp\/v2\/types\/page"}],"author":[{"embeddable":true,"href":"https:\/\/dkmt.net\/en\/wp-json\/wp\/v2\/users\/3"}],"replies":[{"embeddable":true,"href":"https:\/\/dkmt.net\/en\/wp-json\/wp\/v2\/comments?post=475"}],"version-history":[{"count":0,"href":"https:\/\/dkmt.net\/en\/wp-json\/wp\/v2\/pages\/475\/revisions"}],"wp:attachment":[{"href":"https:\/\/dkmt.net\/en\/wp-json\/wp\/v2\/media?parent=475"}],"curies":[{"name":"wp","href":"https:\/\/api.w.org\/{rel}","templated":true}]}}