{"id":2348,"date":"2026-03-27T18:31:06","date_gmt":"2026-03-27T17:31:06","guid":{"rendered":"https:\/\/dkmt.net\/?page_id=2348"},"modified":"2026-03-27T18:35:57","modified_gmt":"2026-03-27T17:35:57","slug":"kozerdeku-adatok","status":"publish","type":"page","link":"https:\/\/dkmt.net\/en\/kozerdeku-adatok\/","title":{"rendered":"Data of public interest"},"content":{"rendered":"<div data-elementor-type=\"wp-page\" data-elementor-id=\"2348\" class=\"elementor elementor-2348\">\n\t\t\t\t\t\t\t\t\t<section class=\"elementor-section elementor-top-section elementor-element elementor-element-3c2e8f0 elementor-section-boxed elementor-section-height-default elementor-section-height-default\" data-id=\"3c2e8f0\" data-element_type=\"section\" data-settings=\"{&quot;jet_parallax_layout_list&quot;:[]}\">\n\t\t\t\t\t\t<div class=\"elementor-container elementor-column-gap-default\">\n\t\t\t\t\t<div class=\"elementor-column elementor-col-100 elementor-top-column elementor-element elementor-element-6f1d66c\" data-id=\"6f1d66c\" data-element_type=\"column\">\n\t\t\t<div class=\"elementor-widget-wrap elementor-element-populated\">\n\t\t\t\t\t\t\t\t<div class=\"elementor-element elementor-element-662b822 elementor-widget elementor-widget-text-editor\" data-id=\"662b822\" data-element_type=\"widget\" data-widget_type=\"text-editor.default\">\n\t\t\t\t<div class=\"elementor-widget-container\">\n\t\t\t<style>\/*! elementor - v3.12.1 - 02-04-2023 *\/\n.elementor-widget-text-editor.elementor-drop-cap-view-stacked .elementor-drop-cap{background-color:#69727d;color:#fff}.elementor-widget-text-editor.elementor-drop-cap-view-framed .elementor-drop-cap{color:#69727d;border:3px solid;background-color:transparent}.elementor-widget-text-editor:not(.elementor-drop-cap-view-default) .elementor-drop-cap{margin-top:8px}.elementor-widget-text-editor:not(.elementor-drop-cap-view-default) .elementor-drop-cap-letter{width:1em;height:1em}.elementor-widget-text-editor .elementor-drop-cap{float:left;text-align:center;line-height:1;font-size:50px}.elementor-widget-text-editor .elementor-drop-cap-letter{display:inline-block}<\/style>\t\t\t\t<h1>Besz\u00e1mol\u00f3k<\/h1><p><a href=\"\/wp-content\/uploads\/2026\/03\/beszamolo_eves_2024.pdf\" target=\"_blank\" rel=\"noopener\">2024 &#8211; Egyszer\u0171s\u00edtett \u00e9ves besz\u00e1mol\u00f3<\/a><\/p>\t\t\t\t\t\t<\/div>\n\t\t\t\t<\/div>\n\t\t\t\t\t<\/div>\n\t\t<\/div>\n\t\t\t\t\t\t\t<\/div>\n\t\t<\/section>\n\t\t\t\t\t\t\t<\/div>","protected":false},"excerpt":{"rendered":"<p>Besz\u00e1mol\u00f3k 2024 &#8211; Egyszer\u0171s\u00edtett \u00e9ves besz\u00e1mol\u00f3<\/p>","protected":false},"author":3,"featured_media":0,"parent":0,"menu_order":0,"comment_status":"closed","ping_status":"closed","template":"","meta":{"inline_featured_image":false,"_links_to":"","_links_to_target":""},"_links":{"self":[{"href":"https:\/\/dkmt.net\/en\/wp-json\/wp\/v2\/pages\/2348"}],"collection":[{"href":"https:\/\/dkmt.net\/en\/wp-json\/wp\/v2\/pages"}],"about":[{"href":"https:\/\/dkmt.net\/en\/wp-json\/wp\/v2\/types\/page"}],"author":[{"embeddable":true,"href":"https:\/\/dkmt.net\/en\/wp-json\/wp\/v2\/users\/3"}],"replies":[{"embeddable":true,"href":"https:\/\/dkmt.net\/en\/wp-json\/wp\/v2\/comments?post=2348"}],"version-history":[{"count":4,"href":"https:\/\/dkmt.net\/en\/wp-json\/wp\/v2\/pages\/2348\/revisions"}],"predecessor-version":[{"id":2352,"href":"https:\/\/dkmt.net\/en\/wp-json\/wp\/v2\/pages\/2348\/revisions\/2352"}],"wp:attachment":[{"href":"https:\/\/dkmt.net\/en\/wp-json\/wp\/v2\/media?parent=2348"}],"curies":[{"name":"wp","href":"https:\/\/api.w.org\/{rel}","templated":true}]}}