{"id":2198,"date":"2025-09-23T14:17:08","date_gmt":"2025-09-23T12:17:08","guid":{"rendered":"https:\/\/dkmt.net\/?page_id=2198"},"modified":"2026-04-09T19:37:05","modified_gmt":"2026-04-09T17:37:05","slug":"beszerzesek","status":"publish","type":"page","link":"https:\/\/dkmt.net\/en\/projektek\/beszerzesek\/","title":{"rendered":"Beszerz\u00e9sek"},"content":{"rendered":"<div data-elementor-type=\"wp-page\" data-elementor-id=\"2198\" class=\"elementor elementor-2198\">\n\t\t\t\t\t\t\t\t\t<section class=\"elementor-section elementor-top-section elementor-element elementor-element-2de97cb elementor-section-boxed elementor-section-height-default elementor-section-height-default\" data-id=\"2de97cb\" data-element_type=\"section\" data-settings=\"{&quot;jet_parallax_layout_list&quot;:[]}\">\n\t\t\t\t\t\t<div class=\"elementor-container elementor-column-gap-default\">\n\t\t\t\t\t<div class=\"elementor-column elementor-col-100 elementor-top-column elementor-element elementor-element-3552ee5\" data-id=\"3552ee5\" data-element_type=\"column\">\n\t\t\t<div class=\"elementor-widget-wrap elementor-element-populated\">\n\t\t\t\t\t\t\t\t<div class=\"elementor-element elementor-element-07dd7a3 elementor-widget elementor-widget-html\" data-id=\"07dd7a3\" data-element_type=\"widget\" data-widget_type=\"html.default\">\n\t\t\t\t<div class=\"elementor-widget-container\">\n\t\t\t<div style=\"margin: 20px 0; position: relative; padding: 20px; border: 2px solid #013399; color: #888; \">\n<h2>ROHU00632 DREAM<\/h2>\n<p><b>Az aj\u00e1nlatk\u00e9r\u00e9s t\u00e1rgya:<\/b><\/p>\n\n<p>A ROHU00632 azonos\u00edt\u00f3 sz\u00e1m\u00fa DREAM r\u00f6vid nev\u0171, az Interreg VI-A Rom\u00e1nia-Magyarorsz\u00e1g Program keret\u00e9ben lebonyol\u00edt\u00e1s alatt \u00e1ll\u00f3 p\u00e1ly\u00e1zatban a Szeged-Temesv\u00e1r vas\u00fatvonal tervez\u00e9s\u00e9hez sz\u00fcks\u00e9ges k\u00f6rnyezetv\u00e9delmi \u00e9s fenntarthat\u00f3s\u00e1gi dokumentumok elk\u00e9sz\u00edt\u00e9s\u00e9re ir\u00e1nyul\u00f3 szak\u00e9rt\u0151i szolg\u00e1ltat\u00e1s beszerz\u00e9se \u00e9rdek\u00e9ben lefolytatand\u00f3 1 darab k\u00f6zbeszerz\u00e9si elj\u00e1r\u00e1s teljes k\u00f6r\u0171 el\u0151k\u00e9sz\u00edt\u00e9se \u00e9s lebonyol\u00edt\u00e1sa a r\u00e9szaj\u00e1nlatt\u00e9tel lehet\u0151s\u00e9g\u00e9nek biztos\u00edt\u00e1s\u00e1val.\n<\/p>\n\n<p>Beny\u00fajt\u00e1si hat\u00e1rid\u0151: 2026. 04. 17. 16:00 \u00f3ra<\/p>\n\n<a href=\"\/wp-content\/uploads\/2026\/04\/ROHU00632.zip\" target=\"_blank\">Let\u00f6lt\u00e9s [ZIP]<\/a>\n<\/div>\t\t<\/div>\n\t\t\t\t<\/div>\n\t\t\t\t\t<\/div>\n\t\t<\/div>\n\t\t\t\t\t\t\t<\/div>\n\t\t<\/section>\n\t\t\t\t<section class=\"elementor-section elementor-top-section elementor-element elementor-element-169b8b8 elementor-section-boxed elementor-section-height-default elementor-section-height-default\" data-id=\"169b8b8\" data-element_type=\"section\" data-settings=\"{&quot;jet_parallax_layout_list&quot;:[]}\">\n\t\t\t\t\t\t<div class=\"elementor-container elementor-column-gap-default\">\n\t\t\t\t\t<div class=\"elementor-column elementor-col-100 elementor-top-column elementor-element elementor-element-e7fcf14\" data-id=\"e7fcf14\" data-element_type=\"column\">\n\t\t\t<div class=\"elementor-widget-wrap elementor-element-populated\">\n\t\t\t\t\t\t\t\t<div class=\"elementor-element elementor-element-8074125 elementor-widget elementor-widget-html\" data-id=\"8074125\" data-element_type=\"widget\" data-widget_type=\"html.default\">\n\t\t\t\t<div class=\"elementor-widget-container\">\n\t\t\t<div style=\"margin: 20px 0; background: #e8e8e8; opacity: 0.6; pointer-events: none; position: relative; padding: 20px; border: 1px solid #d0d0d0; color: #888; filter: grayscale(100%);\">\n<h2>ROHU00224 InnoCoop<\/h2>\n<p><b>Az aj\u00e1nlatk\u00e9r\u00e9s t\u00e1rgya:<\/b><\/p>\n\n<p>\u201eInnov\u00e1ci\u00f3menedzsment tr\u00e9ning \u00e9s k\u00f6z\u00f6s hat\u00e1ron \u00e1tny\u00fal\u00f3 innov\u00e1ci\u00f3s strat\u00e9gia kidolgoz\u00e1sa\u201d feladat elv\u00e9gz\u00e9se\naz Interreg VI-A Rom\u00e1nia-Magyarorsz\u00e1g Program ROHU00224 azonos\u00edt\u00f3sz\u00e1m\u00fa, InnoCoop r\u00f6vid nev\u0171, \u201eInnovative Cooperation for a better cooperation governance in cross-border area\u201d elnevez\u00e9s\u0171 projekt keret\u00e9ben.\n\n<\/p>\n\n<p>Beny\u00fajt\u00e1si hat\u00e1rid\u0151: 2026. 03. 19. 14:00 \u00f3ra<\/p>\n\n<a href=\"\/wp-content\/uploads\/2026\/03\/rohu-innocoop.zip\" target=\"_blank\">Let\u00f6lt\u00e9s [ZIP]<\/a>\n<\/div>\t\t<\/div>\n\t\t\t\t<\/div>\n\t\t\t\t<div class=\"elementor-element elementor-element-a599c3c elementor-widget elementor-widget-html\" data-id=\"a599c3c\" data-element_type=\"widget\" data-widget_type=\"html.default\">\n\t\t\t\t<div class=\"elementor-widget-container\">\n\t\t\t<div style=\"margin: 20px 0; background: #e8e8e8; opacity: 0.6; pointer-events: none; position: relative; padding: 20px; border: 1px solid #d0d0d0; color: #888; filter: grayscale(100%);\">\n<h2>ROHU00512 GOSLING<\/h2>\n<p><b>Az aj\u00e1nlatk\u00e9r\u00e9s t\u00e1rgya:<\/b><\/p>\n\n<p>A ROHU00512 azonos\u00edt\u00f3 sz\u00e1m\u00fa GOSLING r\u00f6vid nev\u0171, az Interreg VI-A Rom\u00e1nia-Magyarorsz\u00e1g Program keret\u00e9ben lebonyol\u00edt\u00e1s alatt \u00e1ll\u00f3 p\u00e1ly\u00e1zat beszerz\u00e9si feladatainak ell\u00e1t\u00e1sa, teljes k\u00f6r\u0171 el\u0151k\u00e9sz\u00edt\u00e9se \u00e9s lebonyol\u00edt\u00e1sa.<\/p>\n\n<p>Beny\u00fajt\u00e1si hat\u00e1rid\u0151: 2026. 01. 07. 16:00 \u00f3ra<\/p>\n\n<a href=\"https:\/\/dkmt.net\/wp-content\/uploads\/2026\/01\/Ajanlatkeres_beszerzesi-szakerto_ROHU00512.pdf\" target=\"_blank\">Let\u00f6lt\u00e9s [PDF]<\/a><br>\n<a href=\"https:\/\/dkmt.net\/wp-content\/uploads\/2026\/01\/Iratmintak_beszerzesi-szakerto_ROHU00512.docx\" target=\"_blank\">Let\u00f6lt\u00e9s [DOCX]<\/a>\n<\/div>\t\t<\/div>\n\t\t\t\t<\/div>\n\t\t\t\t<div class=\"elementor-element elementor-element-7ac4610 elementor-widget elementor-widget-html\" data-id=\"7ac4610\" data-element_type=\"widget\" data-widget_type=\"html.default\">\n\t\t\t\t<div class=\"elementor-widget-container\">\n\t\t\t<div style=\"margin: 20px 0; background: #e8e8e8; opacity: 0.6; pointer-events: none; position: relative; padding: 20px; border: 1px solid #d0d0d0; color: #888; filter: grayscale(100%);\">\n<h2>ROHU00098 BRaCC<\/h2>\n<p><b>Az aj\u00e1nlatk\u00e9r\u00e9s t\u00e1rgya:<\/b><\/p>\n\n<p>\u201eTerms of Reference (ToR) \u2013 \u201eCB HEALTH STUDY\u201d tanulm\u00e1ny elk\u00e9sz\u00edt\u00e9se\naz Interreg VI-A Rom\u00e1nia-Magyarorsz\u00e1g Program ROHU00098 azonos\u00edt\u00f3sz\u00e1m\u00fa, BRaCC r\u00f6vid nev\u0171, \u201eBUILDING RESILIENCE AROUND COOPERATING COMMUNITIES\u201d elnevez\u00e9s\u0171 projekt keret\u00e9ben.\n\n<\/p>\n\n<p>Beny\u00fajt\u00e1si hat\u00e1rid\u0151: 2026. 03. 05. 14:00 \u00f3ra<\/p>\n\n<a href=\"https:\/\/dkmt.net\/wp-content\/uploads\/2026\/02\/ROHU00098-BRaCC-Dokumentumok.zip\" target=\"_blank\">Let\u00f6lt\u00e9s [ZIP]<\/a>\n<\/div>\t\t<\/div>\n\t\t\t\t<\/div>\n\t\t\t\t<div class=\"elementor-element elementor-element-9e885bf elementor-widget elementor-widget-html\" data-id=\"9e885bf\" data-element_type=\"widget\" data-widget_type=\"html.default\">\n\t\t\t\t<div class=\"elementor-widget-container\">\n\t\t\t<div style=\"margin: 20px 0; background: #e8e8e8; opacity: 0.6; pointer-events: none; position: relative; padding: 20px; border: 1px solid #d0d0d0; color: #888; filter: grayscale(100%);\">\n<h2>ROHU00097 CBVRS<\/h2>\n<p><b>Az aj\u00e1nlatk\u00e9r\u00e9s t\u00e1rgya:<\/b><\/p>\n\n<p>T\u0171zszimul\u00e1ci\u00f3s eszk\u00f6z\u00f6k beszerz\u00e9se 2025. DKMT<\/p>\n\n<p>Beny\u00fajt\u00e1si hat\u00e1rid\u0151: 2025.12.02. 10:00<\/p>\n<a href=\"https:\/\/ekr.gov.hu\/eljarastar\/eljaras\/EKR002170002025\" target=\"_blank\">Tov\u00e1bb \u00bb<\/a><br>\t\t<\/div>\n\t\t\t\t<\/div>\n\t\t\t\t<div class=\"elementor-element elementor-element-f2ccf03 elementor-widget elementor-widget-html\" data-id=\"f2ccf03\" data-element_type=\"widget\" data-widget_type=\"html.default\">\n\t\t\t\t<div class=\"elementor-widget-container\">\n\t\t\t<div style=\"margin: 20px 0; background: #e8e8e8; opacity: 0.6; pointer-events: none; position: relative; padding: 20px; border: 1px solid #d0d0d0; color: #888; filter: grayscale(100%);\">\n<h2>HUSRB\/23R\/22\/004 SMARTour<\/h2>\n<p><b>Az aj\u00e1nlatk\u00e9r\u00e9s t\u00e1rgya:<\/b><\/p>\n\n<p>Turizmusfejleszt\u00e9s lehet\u0151s\u00e9geinek felt\u00e9rk\u00e9pez\u00e9se<\/p>\n\n<p>Beny\u00fajt\u00e1si hat\u00e1rid\u0151: 2025.11.20. 10:00 \u00f3ra<\/p>\n<a href=\"https:\/\/ekr.gov.hu\/eljarastar\/eljaras\/EKR002115162025\" target=\"_blank\">Tov\u00e1bb \u00bb<\/a><br>\t\t<\/div>\n\t\t\t\t<\/div>\n\t\t\t\t<div class=\"elementor-element elementor-element-558c914 elementor-widget elementor-widget-html\" data-id=\"558c914\" data-element_type=\"widget\" data-widget_type=\"html.default\">\n\t\t\t\t<div class=\"elementor-widget-container\">\n\t\t\t<div style=\"margin: 20px 0; background: #e8e8e8; opacity: 0.6; pointer-events: none; position: relative; padding: 20px; border: 1px solid #d0d0d0; color: #888; filter: grayscale(100%);\">\n<h2>ROHU00224 INNOCOOP <\/h2>\n<p><b>Az aj\u00e1nlatk\u00e9r\u00e9s t\u00e1rgya:<\/b><\/p>\n\n<p>A DKMT Nonprofit K\u00f6zhaszn\u00fa Kft. \u00e1ltal az Interreg VI-A Rom\u00e1nia-Magyarorsz\u00e1g Program keretein bel\u00fcl megval\u00f3s\u00edt\u00e1s alatt \u00e1ll\u00f3 ROHU00224 azonos\u00edt\u00f3 sz\u00e1m\u00fa, InnoCoop r\u00f6vid nev\u0171, Innovative Cooperation for a better cooperation governance in cross-border area elnevez\u00e9s\u0171 projekt beszerz\u00e9si feladatainak ell\u00e1t\u00e1sa, teljes k\u00f6r\u0171 el\u0151k\u00e9sz\u00edt\u00e9se \u00e9s lebonyol\u00edt\u00e1sa.<\/p>\n\n<p>Beny\u00fajt\u00e1si hat\u00e1rid\u0151: 2025. 09. 26. 16:00 \u00f3ra<\/p>\n<a href=\"https:\/\/dkmt.net\/wp-content\/uploads\/2025\/09\/Ajanlatkeres_beszerzesi-szakerto_ROHU00224.pdf\" target=\"_blank\">Let\u00f6lt\u00e9s [PDF]<\/a><br>\n<a href=\"https:\/\/dkmt.net\/wp-content\/uploads\/2025\/09\/Iratmintak_beszerzesi-szakerto_ROHU00224.docx\" target=\"_blank\">Let\u00f6lt\u00e9s [DOCX]<\/a>\n<\/div>\t\t<\/div>\n\t\t\t\t<\/div>\n\t\t\t\t<div class=\"elementor-element elementor-element-3432666 elementor-widget elementor-widget-html\" data-id=\"3432666\" data-element_type=\"widget\" data-widget_type=\"html.default\">\n\t\t\t\t<div class=\"elementor-widget-container\">\n\t\t\t<div style=\"margin: 20px 0; background: #e8e8e8; opacity: 0.6; pointer-events: none; position: relative; padding: 20px; border: 1px solid #d0d0d0; color: #888; filter: grayscale(100%);\">\n<h2>ROHU00632 SZEGED-TIMISOARA DREAM RAILWAY<\/h2>\n<p><b>Az aj\u00e1nlatk\u00e9r\u00e9s t\u00e1rgya:<\/b><\/p>\n\n<p>A DKMT Nonprofit K\u00f6zhaszn\u00fa Kft. \u00e1ltal az Interreg VI-A Rom\u00e1nia-Magyarorsz\u00e1g Program keretein bel\u00fcl megval\u00f3s\u00edt\u00e1s alatt \u00e1ll\u00f3 ROHU00632 azonos\u00edt\u00f3 sz\u00e1m\u00fa, DREAM r\u00f6vid nev\u0171, SZEGED-TIMISOARA DREAM RAILWAY elnevez\u00e9s\u0171 projektben megval\u00f3sul\u00f3 workshopokhoz kapcsol\u00f3d\u00f3an a rom\u00e1n-magyar szinkrontolm\u00e1csol\u00e1si szolg\u00e1ltat\u00e1s ny\u00fajt\u00e1sa 24 alkalommal 2025. 10. 01. \u00e9s 2027. 12. 20. k\u00f6z\u00f6tt, el\u0151re nem meghat\u00e1rozott h\u00e9tk\u00f6znapi napokon.<\/p>\n\n<p>Beny\u00fajt\u00e1si hat\u00e1rid\u0151: 2025. 09. 26. 16:00 \u00f3ra<\/p>\n<a href=\"https:\/\/dkmt.net\/wp-content\/uploads\/2025\/09\/Ajanlatkeres_szinkrontolmacs_ROHU00632.pdf\" target=\"_blank\">Let\u00f6lt\u00e9s [PDF]<\/a><br>\n<a href=\"https:\/\/dkmt.net\/wp-content\/uploads\/2025\/09\/arajanlat_sablon_szinkrontolmacs_ROHU00632.docx\" target=\"_blank\">Let\u00f6lt\u00e9s [DOCX]<\/a>\n<\/div>\t\t<\/div>\n\t\t\t\t<\/div>\n\t\t\t\t<div class=\"elementor-element elementor-element-831d6b3 elementor-widget elementor-widget-html\" data-id=\"831d6b3\" data-element_type=\"widget\" data-widget_type=\"html.default\">\n\t\t\t\t<div class=\"elementor-widget-container\">\n\t\t\t<div style=\"margin: 20px 0; background: #e8e8e8; opacity: 0.6; pointer-events: none; position: relative; padding: 20px; border: 1px solid #d0d0d0; color: #888; filter: grayscale(100%);\">\r\n<h2>ROHU00098 BRACC<\/h2>\r\n<p><b>Az aj\u00e1nlatk\u00e9r\u00e9s t\u00e1rgya:<\/b><\/p>\r\n\r\n<p>DKMT Nonprofit K\u00f6zhaszn\u00fa Kft. \u00e1ltal az Interreg VI-A Rom\u00e1nia-Magyarorsz\u00e1g Program keretein bel\u00fcl megval\u00f3s\u00edt\u00e1s alatt \u00e1ll\u00f3 ROHU00098 azonos\u00edt\u00f3 sz\u00e1m\u00fa, BRaCC r\u00f6vid nev\u0171, BUILDING RESILIENCE AROUND COOPERATING COMMUNITIES elnevez\u00e9s\u0171 projekt beszerz\u00e9si feladatainak ell\u00e1t\u00e1sa, teljes k\u00f6r\u0171 el\u0151k\u00e9sz\u00edt\u00e9se \u00e9s lebonyol\u00edt\u00e1sa.<\/p>\r\n\r\n<p>Beny\u00fajt\u00e1si hat\u00e1rid\u0151: 2025. 09. 26. 16:00 \u00f3ra<\/p>\r\n<a href=\"https:\/\/dkmt.net\/wp-content\/uploads\/2025\/09\/Ajanlatkeres_beszerzesi-szakerto_ROHU00098.pdf\" target=\"_blank\">Let\u00f6lt\u00e9s [PDF]<\/a><br>\r\n<a href=\"https:\/\/dkmt.net\/wp-content\/uploads\/2025\/09\/Iratmintak_beszerzesi-szakerto_ROHU00098.docx\" target=\"_blank\">Let\u00f6lt\u00e9s [DOCX]<\/a>\r\n<\/div>\t\t<\/div>\n\t\t\t\t<\/div>\n\t\t\t\t\t<\/div>\n\t\t<\/div>\n\t\t\t\t\t\t\t<\/div>\n\t\t<\/section>\n\t\t\t\t\t\t\t<\/div>","protected":false},"excerpt":{"rendered":"<p>ROHU00632 DREAM Az aj\u00e1nlatk\u00e9r\u00e9s t\u00e1rgya: A ROHU00632 azonos\u00edt\u00f3 sz\u00e1m\u00fa DREAM r\u00f6vid nev\u0171, az Interreg VI-A Rom\u00e1nia-Magyarorsz\u00e1g Program keret\u00e9ben lebonyol\u00edt\u00e1s alatt \u00e1ll\u00f3 p\u00e1ly\u00e1zatban a Szeged-Temesv\u00e1r vas\u00fatvonal tervez\u00e9s\u00e9hez sz\u00fcks\u00e9ges k\u00f6rnyezetv\u00e9delmi \u00e9s fenntarthat\u00f3s\u00e1gi dokumentumok elk\u00e9sz\u00edt\u00e9s\u00e9re ir\u00e1nyul\u00f3 szak\u00e9rt\u0151i szolg\u00e1ltat\u00e1s beszerz\u00e9se \u00e9rdek\u00e9ben lefolytatand\u00f3 1 darab k\u00f6zbeszerz\u00e9si elj\u00e1r\u00e1s teljes k\u00f6r\u0171 el\u0151k\u00e9sz\u00edt\u00e9se \u00e9s lebonyol\u00edt\u00e1sa a r\u00e9szaj\u00e1nlatt\u00e9tel lehet\u0151s\u00e9g\u00e9nek biztos\u00edt\u00e1s\u00e1val. Beny\u00fajt\u00e1si hat\u00e1rid\u0151: 2026. 04. [&hellip;]<\/p>","protected":false},"author":3,"featured_media":0,"parent":395,"menu_order":0,"comment_status":"closed","ping_status":"closed","template":"","meta":{"inline_featured_image":false,"_links_to":"","_links_to_target":""},"_links":{"self":[{"href":"https:\/\/dkmt.net\/en\/wp-json\/wp\/v2\/pages\/2198"}],"collection":[{"href":"https:\/\/dkmt.net\/en\/wp-json\/wp\/v2\/pages"}],"about":[{"href":"https:\/\/dkmt.net\/en\/wp-json\/wp\/v2\/types\/page"}],"author":[{"embeddable":true,"href":"https:\/\/dkmt.net\/en\/wp-json\/wp\/v2\/users\/3"}],"replies":[{"embeddable":true,"href":"https:\/\/dkmt.net\/en\/wp-json\/wp\/v2\/comments?post=2198"}],"version-history":[{"count":52,"href":"https:\/\/dkmt.net\/en\/wp-json\/wp\/v2\/pages\/2198\/revisions"}],"predecessor-version":[{"id":2361,"href":"https:\/\/dkmt.net\/en\/wp-json\/wp\/v2\/pages\/2198\/revisions\/2361"}],"up":[{"embeddable":true,"href":"https:\/\/dkmt.net\/en\/wp-json\/wp\/v2\/pages\/395"}],"wp:attachment":[{"href":"https:\/\/dkmt.net\/en\/wp-json\/wp\/v2\/media?parent=2198"}],"curies":[{"name":"wp","href":"https:\/\/api.w.org\/{rel}","templated":true}]}}